{"id":2016,"date":"2019-12-17T18:30:06","date_gmt":"2019-12-17T15:30:06","guid":{"rendered":"http:\/\/artemavitra.com\/?post_type=product&#038;p=2016"},"modified":"2024-07-22T15:37:02","modified_gmt":"2024-07-22T12:37:02","slug":"spot-dagitici-kutu-4lu-6614239","status":"publish","type":"product","link":"https:\/\/artemavitra.com\/index.php\/urun\/spot-dagitici-kutu-4lu-6614239\/","title":{"rendered":"Spot da\u011f\u0131t\u0131c\u0131 kutu 4\u2019l\u00fc (6614239)"},"content":{"rendered":"<p>Aynalar\/Brite<\/p>\n","protected":false},"excerpt":{"rendered":"<p>Aynalar\/Brite<\/p>\n","protected":false},"featured_media":2017,"comment_status":"open","ping_status":"closed","template":"","meta":[],"product_brand":[],"product_cat":[812],"product_tag":[831,1982,1067,814,784,723,1946,1983,1406,537,1681,816,815,724,728,1945],"class_list":{"0":"post-2016","1":"product","2":"type-product","3":"status-publish","4":"has-post-thumbnail","6":"product_cat-aydinlatmalar","7":"product_tag-4lu","8":"product_tag-1982","9":"product_tag-aydinlatma","10":"product_tag-aydinlatmalar","11":"product_tag-aynalar","12":"product_tag-banyo","13":"product_tag-brite","14":"product_tag-dagitici","15":"product_tag-elektrik","16":"product_tag-elektrikli","17":"product_tag-kutu","18":"product_tag-malzeme","19":"product_tag-malzemeler","20":"product_tag-mobilya","21":"product_tag-mobilyalari","22":"product_tag-spot","24":"first","25":"outofstock","26":"shipping-taxable","27":"product-type-simple"},"jetpack_sharing_enabled":true,"_links":{"self":[{"href":"https:\/\/artemavitra.com\/index.php\/wp-json\/wp\/v2\/product\/2016","targetHints":{"allow":["GET"]}}],"collection":[{"href":"https:\/\/artemavitra.com\/index.php\/wp-json\/wp\/v2\/product"}],"about":[{"href":"https:\/\/artemavitra.com\/index.php\/wp-json\/wp\/v2\/types\/product"}],"replies":[{"embeddable":true,"href":"https:\/\/artemavitra.com\/index.php\/wp-json\/wp\/v2\/comments?post=2016"}],"version-history":[{"count":1,"href":"https:\/\/artemavitra.com\/index.php\/wp-json\/wp\/v2\/product\/2016\/revisions"}],"predecessor-version":[{"id":2018,"href":"https:\/\/artemavitra.com\/index.php\/wp-json\/wp\/v2\/product\/2016\/revisions\/2018"}],"wp:featuredmedia":[{"embeddable":true,"href":"https:\/\/artemavitra.com\/index.php\/wp-json\/wp\/v2\/media\/2017"}],"wp:attachment":[{"href":"https:\/\/artemavitra.com\/index.php\/wp-json\/wp\/v2\/media?parent=2016"}],"wp:term":[{"taxonomy":"product_brand","embeddable":true,"href":"https:\/\/artemavitra.com\/index.php\/wp-json\/wp\/v2\/product_brand?post=2016"},{"taxonomy":"product_cat","embeddable":true,"href":"https:\/\/artemavitra.com\/index.php\/wp-json\/wp\/v2\/product_cat?post=2016"},{"taxonomy":"product_tag","embeddable":true,"href":"https:\/\/artemavitra.com\/index.php\/wp-json\/wp\/v2\/product_tag?post=2016"}],"curies":[{"name":"wp","href":"https:\/\/api.w.org\/{rel}","templated":true}]}}