{"id":2019,"date":"2019-12-17T18:31:18","date_gmt":"2019-12-17T15:31:18","guid":{"rendered":"http:\/\/artemavitra.com\/?post_type=product&#038;p=2019"},"modified":"2024-07-22T15:37:00","modified_gmt":"2024-07-22T12:37:00","slug":"spot-guc-kaynagi-6614240","status":"publish","type":"product","link":"https:\/\/artemavitra.com\/index.php\/urun\/spot-guc-kaynagi-6614240\/","title":{"rendered":"Spot g\u00fc\u00e7 kayna\u011f\u0131 (6614240)"},"content":{"rendered":"<p>75 m A 6W<\/p>\n","protected":false},"excerpt":{"rendered":"<p>75 m A 6W<\/p>\n","protected":false},"featured_media":2020,"comment_status":"open","ping_status":"closed","template":"","meta":[],"product_brand":[],"product_cat":[812],"product_tag":[1986,1985,81,1981,1067,814,723,1406,537,564,1984,916,816,815,724,728,1945],"class_list":{"0":"post-2019","1":"product","2":"type-product","3":"status-publish","4":"has-post-thumbnail","6":"product_cat-aydinlatmalar","7":"product_tag-1986","8":"product_tag-6w","9":"product_tag-81","10":"product_tag-a","11":"product_tag-aydinlatma","12":"product_tag-aydinlatmalar","13":"product_tag-banyo","14":"product_tag-elektrik","15":"product_tag-elektrikli","16":"product_tag-guc","17":"product_tag-kaynagi","18":"product_tag-m","19":"product_tag-malzeme","20":"product_tag-malzemeler","21":"product_tag-mobilya","22":"product_tag-mobilyalari","23":"product_tag-spot","25":"first","26":"outofstock","27":"shipping-taxable","28":"product-type-simple"},"jetpack_sharing_enabled":true,"_links":{"self":[{"href":"https:\/\/artemavitra.com\/index.php\/wp-json\/wp\/v2\/product\/2019","targetHints":{"allow":["GET"]}}],"collection":[{"href":"https:\/\/artemavitra.com\/index.php\/wp-json\/wp\/v2\/product"}],"about":[{"href":"https:\/\/artemavitra.com\/index.php\/wp-json\/wp\/v2\/types\/product"}],"replies":[{"embeddable":true,"href":"https:\/\/artemavitra.com\/index.php\/wp-json\/wp\/v2\/comments?post=2019"}],"version-history":[{"count":1,"href":"https:\/\/artemavitra.com\/index.php\/wp-json\/wp\/v2\/product\/2019\/revisions"}],"predecessor-version":[{"id":2021,"href":"https:\/\/artemavitra.com\/index.php\/wp-json\/wp\/v2\/product\/2019\/revisions\/2021"}],"wp:featuredmedia":[{"embeddable":true,"href":"https:\/\/artemavitra.com\/index.php\/wp-json\/wp\/v2\/media\/2020"}],"wp:attachment":[{"href":"https:\/\/artemavitra.com\/index.php\/wp-json\/wp\/v2\/media?parent=2019"}],"wp:term":[{"taxonomy":"product_brand","embeddable":true,"href":"https:\/\/artemavitra.com\/index.php\/wp-json\/wp\/v2\/product_brand?post=2019"},{"taxonomy":"product_cat","embeddable":true,"href":"https:\/\/artemavitra.com\/index.php\/wp-json\/wp\/v2\/product_cat?post=2019"},{"taxonomy":"product_tag","embeddable":true,"href":"https:\/\/artemavitra.com\/index.php\/wp-json\/wp\/v2\/product_tag?post=2019"}],"curies":[{"name":"wp","href":"https:\/\/api.w.org\/{rel}","templated":true}]}}