{"id":2023,"date":"2019-12-17T18:37:04","date_gmt":"2019-12-17T15:37:04","guid":{"rendered":"http:\/\/artemavitra.com\/?post_type=product&#038;p=2023"},"modified":"2024-07-22T15:36:59","modified_gmt":"2024-07-22T12:36:59","slug":"donen-dolap-guc-kaynagi-6614245","status":"publish","type":"product","link":"https:\/\/artemavitra.com\/index.php\/urun\/donen-dolap-guc-kaynagi-6614245\/","title":{"rendered":"D\u00f6nen dolap g\u00fc\u00e7 kayna\u011f\u0131 (6614245)"},"content":{"rendered":"<p>Memoria Elements<\/p>\n","protected":false},"excerpt":{"rendered":"<p>Memoria Elements<\/p>\n","protected":false},"featured_media":0,"comment_status":"open","ping_status":"closed","template":"","meta":[],"product_brand":[],"product_cat":[812],"product_tag":[1987,1067,814,723,772,880,1406,537,882,564,1984,816,815,794,724,728],"class_list":{"0":"post-2023","1":"product","2":"type-product","3":"status-publish","5":"product_cat-aydinlatmalar","6":"product_tag-1987","7":"product_tag-aydinlatma","8":"product_tag-aydinlatmalar","9":"product_tag-banyo","10":"product_tag-dolap","11":"product_tag-donen","12":"product_tag-elektrik","13":"product_tag-elektrikli","14":"product_tag-elements","15":"product_tag-guc","16":"product_tag-kaynagi","17":"product_tag-malzeme","18":"product_tag-malzemeler","19":"product_tag-memoria","20":"product_tag-mobilya","21":"product_tag-mobilyalari","23":"first","24":"outofstock","25":"shipping-taxable","26":"product-type-simple"},"jetpack_sharing_enabled":true,"_links":{"self":[{"href":"https:\/\/artemavitra.com\/index.php\/wp-json\/wp\/v2\/product\/2023","targetHints":{"allow":["GET"]}}],"collection":[{"href":"https:\/\/artemavitra.com\/index.php\/wp-json\/wp\/v2\/product"}],"about":[{"href":"https:\/\/artemavitra.com\/index.php\/wp-json\/wp\/v2\/types\/product"}],"replies":[{"embeddable":true,"href":"https:\/\/artemavitra.com\/index.php\/wp-json\/wp\/v2\/comments?post=2023"}],"version-history":[{"count":1,"href":"https:\/\/artemavitra.com\/index.php\/wp-json\/wp\/v2\/product\/2023\/revisions"}],"predecessor-version":[{"id":2024,"href":"https:\/\/artemavitra.com\/index.php\/wp-json\/wp\/v2\/product\/2023\/revisions\/2024"}],"wp:attachment":[{"href":"https:\/\/artemavitra.com\/index.php\/wp-json\/wp\/v2\/media?parent=2023"}],"wp:term":[{"taxonomy":"product_brand","embeddable":true,"href":"https:\/\/artemavitra.com\/index.php\/wp-json\/wp\/v2\/product_brand?post=2023"},{"taxonomy":"product_cat","embeddable":true,"href":"https:\/\/artemavitra.com\/index.php\/wp-json\/wp\/v2\/product_cat?post=2023"},{"taxonomy":"product_tag","embeddable":true,"href":"https:\/\/artemavitra.com\/index.php\/wp-json\/wp\/v2\/product_tag?post=2023"}],"curies":[{"name":"wp","href":"https:\/\/api.w.org\/{rel}","templated":true}]}}