{"id":2043,"date":"2019-12-17T18:45:20","date_gmt":"2019-12-17T15:45:20","guid":{"rendered":"http:\/\/artemavitra.com\/?post_type=product&#038;p=2043"},"modified":"2024-07-22T15:36:50","modified_gmt":"2024-07-22T12:36:50","slug":"mervesan-5a-3-cipli-uyumlu-6614759","status":"publish","type":"product","link":"https:\/\/artemavitra.com\/index.php\/urun\/mervesan-5a-3-cipli-uyumlu-6614759\/","title":{"rendered":"Mervesan 5A 3 \u00c7\u0130PL\u0130 uyumlu (6614759)"},"content":{"rendered":"<p>Sento, Nest Trendy<\/p>\n","protected":false},"excerpt":{"rendered":"<p>Sento, Nest Trendy<\/p>\n","protected":false},"featured_media":2044,"comment_status":"open","ping_status":"closed","template":"","meta":[],"product_brand":[],"product_cat":[812],"product_tag":[1287,1900,1999,1067,814,723,1933,1406,537,816,815,2000,724,728,754,457,755,1433],"class_list":{"0":"post-2043","1":"product","2":"type-product","3":"status-publish","4":"has-post-thumbnail","6":"product_cat-aydinlatmalar","7":"product_tag-1287","8":"product_tag-5a","9":"product_tag-1999","10":"product_tag-aydinlatma","11":"product_tag-aydinlatmalar","12":"product_tag-banyo","13":"product_tag-cipli","14":"product_tag-elektrik","15":"product_tag-elektrikli","16":"product_tag-malzeme","17":"product_tag-malzemeler","18":"product_tag-mervesan","19":"product_tag-mobilya","20":"product_tag-mobilyalari","21":"product_tag-nest","22":"product_tag-sento","23":"product_tag-trendy","24":"product_tag-uyumlu","26":"first","27":"outofstock","28":"shipping-taxable","29":"product-type-simple"},"jetpack_sharing_enabled":true,"_links":{"self":[{"href":"https:\/\/artemavitra.com\/index.php\/wp-json\/wp\/v2\/product\/2043","targetHints":{"allow":["GET"]}}],"collection":[{"href":"https:\/\/artemavitra.com\/index.php\/wp-json\/wp\/v2\/product"}],"about":[{"href":"https:\/\/artemavitra.com\/index.php\/wp-json\/wp\/v2\/types\/product"}],"replies":[{"embeddable":true,"href":"https:\/\/artemavitra.com\/index.php\/wp-json\/wp\/v2\/comments?post=2043"}],"version-history":[{"count":1,"href":"https:\/\/artemavitra.com\/index.php\/wp-json\/wp\/v2\/product\/2043\/revisions"}],"predecessor-version":[{"id":2045,"href":"https:\/\/artemavitra.com\/index.php\/wp-json\/wp\/v2\/product\/2043\/revisions\/2045"}],"wp:featuredmedia":[{"embeddable":true,"href":"https:\/\/artemavitra.com\/index.php\/wp-json\/wp\/v2\/media\/2044"}],"wp:attachment":[{"href":"https:\/\/artemavitra.com\/index.php\/wp-json\/wp\/v2\/media?parent=2043"}],"wp:term":[{"taxonomy":"product_brand","embeddable":true,"href":"https:\/\/artemavitra.com\/index.php\/wp-json\/wp\/v2\/product_brand?post=2043"},{"taxonomy":"product_cat","embeddable":true,"href":"https:\/\/artemavitra.com\/index.php\/wp-json\/wp\/v2\/product_cat?post=2043"},{"taxonomy":"product_tag","embeddable":true,"href":"https:\/\/artemavitra.com\/index.php\/wp-json\/wp\/v2\/product_tag?post=2043"}],"curies":[{"name":"wp","href":"https:\/\/api.w.org\/{rel}","templated":true}]}}