{"id":215,"date":"2019-12-13T11:22:22","date_gmt":"2019-12-13T08:22:22","guid":{"rendered":"http:\/\/artemavitra.com\/?post_type=product&#038;p=215"},"modified":"2024-07-22T15:49:32","modified_gmt":"2024-07-22T12:49:32","slug":"sabitleyici-adaptor-312117yp1te","status":"publish","type":"product","link":"https:\/\/artemavitra.com\/index.php\/urun\/sabitleyici-adaptor-312117yp1te\/","title":{"rendered":"Sabitleyici adapt\u00f6r (312117YP1TE)"},"content":{"rendered":"<p>Mod, Water Jewels, Sunrise klozet kapaklar\u0131 yava\u015f kapan\u0131r<br \/>\nolmayan modeller i\u00e7in<br \/>\n58-59-60<\/p>\n","protected":false},"excerpt":{"rendered":"<p>Mod, Water Jewels, Sunrise klozet kapaklar\u0131 yava\u015f kapan\u0131r olmayan modeller i\u00e7in 58-59-60<\/p>\n","protected":false},"featured_media":216,"comment_status":"open","ping_status":"closed","template":"","meta":[],"product_brand":[],"product_cat":[18],"product_tag":[338,75,76,77,166,190,22,21,165,20,38,39,188,340,341,339,191,189,164],"class_list":{"0":"post-215","1":"product","2":"type-product","3":"status-publish","4":"has-post-thumbnail","6":"product_cat-klozet-kapaklari","7":"product_tag-312117yp1te","8":"product_tag-75","9":"product_tag-76","10":"product_tag-77","11":"product_tag-icin","12":"product_tag-jewels","13":"product_tag-kapagi","14":"product_tag-kapak","15":"product_tag-kapanir","16":"product_tag-klozet","17":"product_tag-mentese","18":"product_tag-mentesesi","19":"product_tag-mod","20":"product_tag-model","21":"product_tag-modeller","22":"product_tag-olmayan","23":"product_tag-sunrise","24":"product_tag-water","25":"product_tag-yavas","27":"first","28":"instock","29":"shipping-taxable","30":"product-type-simple"},"jetpack_sharing_enabled":true,"_links":{"self":[{"href":"https:\/\/artemavitra.com\/index.php\/wp-json\/wp\/v2\/product\/215","targetHints":{"allow":["GET"]}}],"collection":[{"href":"https:\/\/artemavitra.com\/index.php\/wp-json\/wp\/v2\/product"}],"about":[{"href":"https:\/\/artemavitra.com\/index.php\/wp-json\/wp\/v2\/types\/product"}],"replies":[{"embeddable":true,"href":"https:\/\/artemavitra.com\/index.php\/wp-json\/wp\/v2\/comments?post=215"}],"version-history":[{"count":0,"href":"https:\/\/artemavitra.com\/index.php\/wp-json\/wp\/v2\/product\/215\/revisions"}],"wp:featuredmedia":[{"embeddable":true,"href":"https:\/\/artemavitra.com\/index.php\/wp-json\/wp\/v2\/media\/216"}],"wp:attachment":[{"href":"https:\/\/artemavitra.com\/index.php\/wp-json\/wp\/v2\/media?parent=215"}],"wp:term":[{"taxonomy":"product_brand","embeddable":true,"href":"https:\/\/artemavitra.com\/index.php\/wp-json\/wp\/v2\/product_brand?post=215"},{"taxonomy":"product_cat","embeddable":true,"href":"https:\/\/artemavitra.com\/index.php\/wp-json\/wp\/v2\/product_cat?post=215"},{"taxonomy":"product_tag","embeddable":true,"href":"https:\/\/artemavitra.com\/index.php\/wp-json\/wp\/v2\/product_tag?post=215"}],"curies":[{"name":"wp","href":"https:\/\/api.w.org\/{rel}","templated":true}]}}