{"id":223,"date":"2019-12-13T11:29:27","date_gmt":"2019-12-13T08:29:27","guid":{"rendered":"http:\/\/artemavitra.com\/?post_type=product&#038;p=223"},"modified":"2024-07-22T15:49:30","modified_gmt":"2024-07-22T12:49:30","slug":"klozet-kapagi-mentesesi-420739yp1te","status":"publish","type":"product","link":"https:\/\/artemavitra.com\/index.php\/urun\/klozet-kapagi-mentesesi-420739yp1te\/","title":{"rendered":"Klozet kapa\u011f\u0131 mente\u015fesi (420739YP1TE)"},"content":{"rendered":"<p>Gri basma butonlu kapaklar i\u00e7indir<br \/>\nMetal-S50, Shift, Freedom, Form 500, S50 (k\u0131sa)<br \/>\n57-64-65-69-71-72-73<\/p>\n","protected":false},"excerpt":{"rendered":"<p>Gri basma butonlu kapaklar i\u00e7indir Metal-S50, Shift, Freedom, Form 500, S50 (k\u0131sa) 57-64-65-69-71-72-73<\/p>\n","protected":false},"featured_media":224,"comment_status":"open","ping_status":"closed","template":"","meta":[],"product_brand":[],"product_cat":[18],"product_tag":[348,260,283,207,208,210,211,79,212,161,162,163,111,350,245,205,166,22,21,269,20,38,39,33,261,349],"class_list":{"0":"post-223","1":"product","2":"type-product","3":"status-publish","4":"has-post-thumbnail","6":"product_cat-klozet-kapaklari","7":"product_tag-420739yp1te","8":"product_tag-260","9":"product_tag-283","10":"product_tag-207","11":"product_tag-208","12":"product_tag-210","13":"product_tag-211","14":"product_tag-79","15":"product_tag-212","16":"product_tag-basma","17":"product_tag-buton","18":"product_tag-butonlu","19":"product_tag-form","20":"product_tag-freedom","21":"product_tag-grey","22":"product_tag-gri","23":"product_tag-icin","24":"product_tag-kapagi","25":"product_tag-kapak","26":"product_tag-kisa","27":"product_tag-klozet","28":"product_tag-mentese","29":"product_tag-mentesesi","30":"product_tag-metal","31":"product_tag-s50","32":"product_tag-shift","34":"first","35":"instock","36":"shipping-taxable","37":"product-type-simple"},"jetpack_sharing_enabled":true,"_links":{"self":[{"href":"https:\/\/artemavitra.com\/index.php\/wp-json\/wp\/v2\/product\/223","targetHints":{"allow":["GET"]}}],"collection":[{"href":"https:\/\/artemavitra.com\/index.php\/wp-json\/wp\/v2\/product"}],"about":[{"href":"https:\/\/artemavitra.com\/index.php\/wp-json\/wp\/v2\/types\/product"}],"replies":[{"embeddable":true,"href":"https:\/\/artemavitra.com\/index.php\/wp-json\/wp\/v2\/comments?post=223"}],"version-history":[{"count":0,"href":"https:\/\/artemavitra.com\/index.php\/wp-json\/wp\/v2\/product\/223\/revisions"}],"wp:featuredmedia":[{"embeddable":true,"href":"https:\/\/artemavitra.com\/index.php\/wp-json\/wp\/v2\/media\/224"}],"wp:attachment":[{"href":"https:\/\/artemavitra.com\/index.php\/wp-json\/wp\/v2\/media?parent=223"}],"wp:term":[{"taxonomy":"product_brand","embeddable":true,"href":"https:\/\/artemavitra.com\/index.php\/wp-json\/wp\/v2\/product_brand?post=223"},{"taxonomy":"product_cat","embeddable":true,"href":"https:\/\/artemavitra.com\/index.php\/wp-json\/wp\/v2\/product_cat?post=223"},{"taxonomy":"product_tag","embeddable":true,"href":"https:\/\/artemavitra.com\/index.php\/wp-json\/wp\/v2\/product_tag?post=223"}],"curies":[{"name":"wp","href":"https:\/\/api.w.org\/{rel}","templated":true}]}}