{"id":229,"date":"2019-12-13T11:36:49","date_gmt":"2019-12-13T08:36:49","guid":{"rendered":"http:\/\/artemavitra.com\/?post_type=product&#038;p=229"},"modified":"2024-07-22T15:49:28","modified_gmt":"2024-07-22T12:49:28","slug":"alt-kapak-takozu-420748yp1te","status":"publish","type":"product","link":"https:\/\/artemavitra.com\/index.php\/urun\/alt-kapak-takozu-420748yp1te\/","title":{"rendered":"Alt kapak takozu (420748YP1TE)"},"content":{"rendered":"<p>Shift, Freedom<br \/>\n57-64-65 t\u00fcm modeller i\u00e7in sadece \u00f6n takozlar<\/p>\n","protected":false},"excerpt":{"rendered":"<p>Shift, Freedom 57-64-65 t\u00fcm modeller i\u00e7in sadece \u00f6n takozlar<\/p>\n","protected":false},"featured_media":230,"comment_status":"open","ping_status":"closed","template":"","meta":[],"product_brand":[],"product_cat":[18],"product_tag":[353,283,207,208,46,350,166,22,21,20,38,39,340,341,355,354,349,244,249,177],"class_list":{"0":"post-229","1":"product","2":"type-product","3":"status-publish","4":"has-post-thumbnail","6":"product_cat-klozet-kapaklari","7":"product_tag-420748yp1te","8":"product_tag-283","9":"product_tag-207","10":"product_tag-208","11":"product_tag-alt","12":"product_tag-freedom","13":"product_tag-icin","14":"product_tag-kapagi","15":"product_tag-kapak","16":"product_tag-klozet","17":"product_tag-mentese","18":"product_tag-mentesesi","19":"product_tag-model","20":"product_tag-modeller","21":"product_tag-on","22":"product_tag-sadece","23":"product_tag-shift","24":"product_tag-takoz","25":"product_tag-takozu","26":"product_tag-tum","28":"first","29":"instock","30":"shipping-taxable","31":"product-type-simple"},"jetpack_sharing_enabled":true,"_links":{"self":[{"href":"https:\/\/artemavitra.com\/index.php\/wp-json\/wp\/v2\/product\/229","targetHints":{"allow":["GET"]}}],"collection":[{"href":"https:\/\/artemavitra.com\/index.php\/wp-json\/wp\/v2\/product"}],"about":[{"href":"https:\/\/artemavitra.com\/index.php\/wp-json\/wp\/v2\/types\/product"}],"replies":[{"embeddable":true,"href":"https:\/\/artemavitra.com\/index.php\/wp-json\/wp\/v2\/comments?post=229"}],"version-history":[{"count":0,"href":"https:\/\/artemavitra.com\/index.php\/wp-json\/wp\/v2\/product\/229\/revisions"}],"wp:featuredmedia":[{"embeddable":true,"href":"https:\/\/artemavitra.com\/index.php\/wp-json\/wp\/v2\/media\/230"}],"wp:attachment":[{"href":"https:\/\/artemavitra.com\/index.php\/wp-json\/wp\/v2\/media?parent=229"}],"wp:term":[{"taxonomy":"product_brand","embeddable":true,"href":"https:\/\/artemavitra.com\/index.php\/wp-json\/wp\/v2\/product_brand?post=229"},{"taxonomy":"product_cat","embeddable":true,"href":"https:\/\/artemavitra.com\/index.php\/wp-json\/wp\/v2\/product_cat?post=229"},{"taxonomy":"product_tag","embeddable":true,"href":"https:\/\/artemavitra.com\/index.php\/wp-json\/wp\/v2\/product_tag?post=229"}],"curies":[{"name":"wp","href":"https:\/\/api.w.org\/{rel}","templated":true}]}}