{"id":243,"date":"2019-12-13T11:49:52","date_gmt":"2019-12-13T08:49:52","guid":{"rendered":"http:\/\/artemavitra.com\/?post_type=product&#038;p=243"},"modified":"2024-07-22T15:49:21","modified_gmt":"2024-07-22T12:49:21","slug":"damper-420965yp1te","status":"publish","type":"product","link":"https:\/\/artemavitra.com\/index.php\/urun\/damper-420965yp1te\/","title":{"rendered":"Damper (420965YP1TE)"},"content":{"rendered":"<p>Yava\u015f kapan\u0131r 64<br \/>\nGri basma butonlu kapaklar i\u00e7in<\/p>\n","protected":false},"excerpt":{"rendered":"<p>Yava\u015f kapan\u0131r 64 Gri basma butonlu kapaklar i\u00e7in<\/p>\n","protected":false},"featured_media":244,"comment_status":"open","ping_status":"closed","template":"","meta":[],"product_brand":[],"product_cat":[18],"product_tag":[369,207,161,162,163,151,245,205,166,22,21,165,20,38,39,164],"class_list":{"0":"post-243","1":"product","2":"type-product","3":"status-publish","4":"has-post-thumbnail","6":"product_cat-klozet-kapaklari","7":"product_tag-420965yp1te","8":"product_tag-207","9":"product_tag-basma","10":"product_tag-buton","11":"product_tag-butonlu","12":"product_tag-damper","13":"product_tag-grey","14":"product_tag-gri","15":"product_tag-icin","16":"product_tag-kapagi","17":"product_tag-kapak","18":"product_tag-kapanir","19":"product_tag-klozet","20":"product_tag-mentese","21":"product_tag-mentesesi","22":"product_tag-yavas","24":"first","25":"instock","26":"shipping-taxable","27":"product-type-simple"},"jetpack_sharing_enabled":true,"_links":{"self":[{"href":"https:\/\/artemavitra.com\/index.php\/wp-json\/wp\/v2\/product\/243","targetHints":{"allow":["GET"]}}],"collection":[{"href":"https:\/\/artemavitra.com\/index.php\/wp-json\/wp\/v2\/product"}],"about":[{"href":"https:\/\/artemavitra.com\/index.php\/wp-json\/wp\/v2\/types\/product"}],"replies":[{"embeddable":true,"href":"https:\/\/artemavitra.com\/index.php\/wp-json\/wp\/v2\/comments?post=243"}],"version-history":[{"count":0,"href":"https:\/\/artemavitra.com\/index.php\/wp-json\/wp\/v2\/product\/243\/revisions"}],"wp:featuredmedia":[{"embeddable":true,"href":"https:\/\/artemavitra.com\/index.php\/wp-json\/wp\/v2\/media\/244"}],"wp:attachment":[{"href":"https:\/\/artemavitra.com\/index.php\/wp-json\/wp\/v2\/media?parent=243"}],"wp:term":[{"taxonomy":"product_brand","embeddable":true,"href":"https:\/\/artemavitra.com\/index.php\/wp-json\/wp\/v2\/product_brand?post=243"},{"taxonomy":"product_cat","embeddable":true,"href":"https:\/\/artemavitra.com\/index.php\/wp-json\/wp\/v2\/product_cat?post=243"},{"taxonomy":"product_tag","embeddable":true,"href":"https:\/\/artemavitra.com\/index.php\/wp-json\/wp\/v2\/product_tag?post=243"}],"curies":[{"name":"wp","href":"https:\/\/api.w.org\/{rel}","templated":true}]}}