{"id":2466,"date":"2019-12-20T12:58:25","date_gmt":"2019-12-20T09:58:25","guid":{"rendered":"http:\/\/artemavitra.com\/?post_type=product&#038;p=2466"},"modified":"2024-07-22T15:34:11","modified_gmt":"2024-07-22T12:34:11","slug":"kumlamali-ayna-cami-70274","status":"publish","type":"product","link":"https:\/\/artemavitra.com\/index.php\/urun\/kumlamali-ayna-cami-70274\/","title":{"rendered":"Kumlamal\u0131 ayna cam\u0131 (70274)"},"content":{"rendered":"<p>50&#215;62 cm-sa\u011f<br \/>\nDolapl\u0131 ayna 60 cm<br \/>\nNest Trendy, Nest<\/p>\n","protected":false},"excerpt":{"rendered":"<p>50&#215;62 cm-sa\u011f Dolapl\u0131 ayna 60 cm Nest Trendy, Nest<\/p>\n","protected":false},"featured_media":2467,"comment_status":"open","ping_status":"closed","template":"","meta":[],"product_brand":[],"product_cat":[847],"product_tag":[2229,77,2267,752,2210,784,723,849,850,825,868,853,724,728,754,535,755],"class_list":{"0":"post-2466","1":"product","2":"type-product","3":"status-publish","4":"has-post-thumbnail","6":"product_cat-aynalar-ve-camlar","7":"product_tag-50x62","8":"product_tag-77","9":"product_tag-2267","10":"product_tag-ayna","11":"product_tag-ayna-cami","12":"product_tag-aynalar","13":"product_tag-banyo","14":"product_tag-cam","15":"product_tag-camlar","16":"product_tag-cm","17":"product_tag-dolapli","18":"product_tag-kumlamali","19":"product_tag-mobilya","20":"product_tag-mobilyalari","21":"product_tag-nest","22":"product_tag-sag","23":"product_tag-trendy","25":"first","26":"outofstock","27":"shipping-taxable","28":"product-type-simple"},"jetpack_sharing_enabled":true,"_links":{"self":[{"href":"https:\/\/artemavitra.com\/index.php\/wp-json\/wp\/v2\/product\/2466","targetHints":{"allow":["GET"]}}],"collection":[{"href":"https:\/\/artemavitra.com\/index.php\/wp-json\/wp\/v2\/product"}],"about":[{"href":"https:\/\/artemavitra.com\/index.php\/wp-json\/wp\/v2\/types\/product"}],"replies":[{"embeddable":true,"href":"https:\/\/artemavitra.com\/index.php\/wp-json\/wp\/v2\/comments?post=2466"}],"version-history":[{"count":1,"href":"https:\/\/artemavitra.com\/index.php\/wp-json\/wp\/v2\/product\/2466\/revisions"}],"predecessor-version":[{"id":2468,"href":"https:\/\/artemavitra.com\/index.php\/wp-json\/wp\/v2\/product\/2466\/revisions\/2468"}],"wp:featuredmedia":[{"embeddable":true,"href":"https:\/\/artemavitra.com\/index.php\/wp-json\/wp\/v2\/media\/2467"}],"wp:attachment":[{"href":"https:\/\/artemavitra.com\/index.php\/wp-json\/wp\/v2\/media?parent=2466"}],"wp:term":[{"taxonomy":"product_brand","embeddable":true,"href":"https:\/\/artemavitra.com\/index.php\/wp-json\/wp\/v2\/product_brand?post=2466"},{"taxonomy":"product_cat","embeddable":true,"href":"https:\/\/artemavitra.com\/index.php\/wp-json\/wp\/v2\/product_cat?post=2466"},{"taxonomy":"product_tag","embeddable":true,"href":"https:\/\/artemavitra.com\/index.php\/wp-json\/wp\/v2\/product_tag?post=2466"}],"curies":[{"name":"wp","href":"https:\/\/api.w.org\/{rel}","templated":true}]}}