{"id":248,"date":"2019-12-13T11:54:01","date_gmt":"2019-12-13T08:54:01","guid":{"rendered":"http:\/\/artemavitra.com\/?post_type=product&#038;p=248"},"modified":"2024-07-22T15:49:19","modified_gmt":"2024-07-22T12:49:19","slug":"yavas-kapanir-damper-seti-313655yp1te","status":"publish","type":"product","link":"https:\/\/artemavitra.com\/index.php\/urun\/yavas-kapanir-damper-seti-313655yp1te\/","title":{"rendered":"Yava\u015f kapan\u0131r damper seti (313655YP1TE)"},"content":{"rendered":"<p>Yeni Tip<br \/>\n420479 yerine sipari\u015f edilmelidir<br \/>\nTip-1-Beyaz renkli damper seti, yava\u015f kapan\u0131r<br \/>\n72-74-75-77-84-85-86-89-90-91-94-97-104-106-108-110-120-<br \/>\n122-123-127<\/p>\n","protected":false},"excerpt":{"rendered":"<p>Yeni Tip 420479 yerine sipari\u015f edilmelidir Tip-1-Beyaz renkli damper seti, yava\u015f kapan\u0131r 72-74-75-77-84-85-86-89-90-91-94-97-104-106-108-110-120- 122-123-127<\/p>\n","protected":false},"featured_media":249,"comment_status":"open","ping_status":"closed","template":"","meta":[],"product_brand":[],"product_cat":[18],"product_tag":[96,97,98,100,102,104,105,106,374,375,79,80,81,83,84,85,86,89,90,91,92,95,44,151,377,22,21,165,20,38,39,378,379,230,231,219,145,164,159,376],"class_list":{"0":"post-248","1":"product","2":"type-product","3":"status-publish","4":"has-post-thumbnail","6":"product_cat-klozet-kapaklari","7":"product_tag-96","8":"product_tag-97","9":"product_tag-98","10":"product_tag-100","11":"product_tag-102","12":"product_tag-104","13":"product_tag-105","14":"product_tag-106","15":"product_tag-313655yp1te","16":"product_tag-375","17":"product_tag-79","18":"product_tag-80","19":"product_tag-81","20":"product_tag-83","21":"product_tag-84","22":"product_tag-85","23":"product_tag-86","24":"product_tag-89","25":"product_tag-90","26":"product_tag-91","27":"product_tag-92","28":"product_tag-95","29":"product_tag-beyaz","30":"product_tag-damper","31":"product_tag-edilir","32":"product_tag-kapagi","33":"product_tag-kapak","34":"product_tag-kapanir","35":"product_tag-klozet","36":"product_tag-mentese","37":"product_tag-mentesesi","38":"product_tag-renk","39":"product_tag-renkli","40":"product_tag-set","41":"product_tag-seti","42":"product_tag-siparis","43":"product_tag-tip","44":"product_tag-yavas","45":"product_tag-yeni","46":"product_tag-yerine","48":"first","49":"instock","50":"shipping-taxable","51":"product-type-simple"},"jetpack_sharing_enabled":true,"_links":{"self":[{"href":"https:\/\/artemavitra.com\/index.php\/wp-json\/wp\/v2\/product\/248","targetHints":{"allow":["GET"]}}],"collection":[{"href":"https:\/\/artemavitra.com\/index.php\/wp-json\/wp\/v2\/product"}],"about":[{"href":"https:\/\/artemavitra.com\/index.php\/wp-json\/wp\/v2\/types\/product"}],"replies":[{"embeddable":true,"href":"https:\/\/artemavitra.com\/index.php\/wp-json\/wp\/v2\/comments?post=248"}],"version-history":[{"count":0,"href":"https:\/\/artemavitra.com\/index.php\/wp-json\/wp\/v2\/product\/248\/revisions"}],"wp:featuredmedia":[{"embeddable":true,"href":"https:\/\/artemavitra.com\/index.php\/wp-json\/wp\/v2\/media\/249"}],"wp:attachment":[{"href":"https:\/\/artemavitra.com\/index.php\/wp-json\/wp\/v2\/media?parent=248"}],"wp:term":[{"taxonomy":"product_brand","embeddable":true,"href":"https:\/\/artemavitra.com\/index.php\/wp-json\/wp\/v2\/product_brand?post=248"},{"taxonomy":"product_cat","embeddable":true,"href":"https:\/\/artemavitra.com\/index.php\/wp-json\/wp\/v2\/product_cat?post=248"},{"taxonomy":"product_tag","embeddable":true,"href":"https:\/\/artemavitra.com\/index.php\/wp-json\/wp\/v2\/product_tag?post=248"}],"curies":[{"name":"wp","href":"https:\/\/api.w.org\/{rel}","templated":true}]}}