{"id":2484,"date":"2019-12-20T13:05:31","date_gmt":"2019-12-20T10:05:31","guid":{"rendered":"http:\/\/artemavitra.com\/?post_type=product&#038;p=2484"},"modified":"2024-07-22T15:34:03","modified_gmt":"2024-07-22T12:34:03","slug":"ayna-cami-70329","status":"publish","type":"product","link":"https:\/\/artemavitra.com\/index.php\/urun\/ayna-cami-70329\/","title":{"rendered":"Ayna cam\u0131 (70329)"},"content":{"rendered":"<p>60 cm dolapl\u0131 ayna i\u00e7in<br \/>\nS20<\/p>\n","protected":false},"excerpt":{"rendered":"<p>60 cm dolapl\u0131 ayna i\u00e7in S20<\/p>\n","protected":false},"featured_media":2486,"comment_status":"open","ping_status":"closed","template":"","meta":[],"product_brand":[],"product_cat":[847],"product_tag":[77,2276,752,784,723,849,861,850,825,868,166,724,728,297],"class_list":{"0":"post-2484","1":"product","2":"type-product","3":"status-publish","4":"has-post-thumbnail","6":"product_cat-aynalar-ve-camlar","7":"product_tag-77","8":"product_tag-2276","9":"product_tag-ayna","10":"product_tag-aynalar","11":"product_tag-banyo","12":"product_tag-cam","13":"product_tag-cami","14":"product_tag-camlar","15":"product_tag-cm","16":"product_tag-dolapli","17":"product_tag-icin","18":"product_tag-mobilya","19":"product_tag-mobilyalari","20":"product_tag-s20","22":"first","23":"outofstock","24":"shipping-taxable","25":"product-type-simple"},"jetpack_sharing_enabled":true,"_links":{"self":[{"href":"https:\/\/artemavitra.com\/index.php\/wp-json\/wp\/v2\/product\/2484","targetHints":{"allow":["GET"]}}],"collection":[{"href":"https:\/\/artemavitra.com\/index.php\/wp-json\/wp\/v2\/product"}],"about":[{"href":"https:\/\/artemavitra.com\/index.php\/wp-json\/wp\/v2\/types\/product"}],"replies":[{"embeddable":true,"href":"https:\/\/artemavitra.com\/index.php\/wp-json\/wp\/v2\/comments?post=2484"}],"version-history":[{"count":2,"href":"https:\/\/artemavitra.com\/index.php\/wp-json\/wp\/v2\/product\/2484\/revisions"}],"predecessor-version":[{"id":2487,"href":"https:\/\/artemavitra.com\/index.php\/wp-json\/wp\/v2\/product\/2484\/revisions\/2487"}],"wp:featuredmedia":[{"embeddable":true,"href":"https:\/\/artemavitra.com\/index.php\/wp-json\/wp\/v2\/media\/2486"}],"wp:attachment":[{"href":"https:\/\/artemavitra.com\/index.php\/wp-json\/wp\/v2\/media?parent=2484"}],"wp:term":[{"taxonomy":"product_brand","embeddable":true,"href":"https:\/\/artemavitra.com\/index.php\/wp-json\/wp\/v2\/product_brand?post=2484"},{"taxonomy":"product_cat","embeddable":true,"href":"https:\/\/artemavitra.com\/index.php\/wp-json\/wp\/v2\/product_cat?post=2484"},{"taxonomy":"product_tag","embeddable":true,"href":"https:\/\/artemavitra.com\/index.php\/wp-json\/wp\/v2\/product_tag?post=2484"}],"curies":[{"name":"wp","href":"https:\/\/api.w.org\/{rel}","templated":true}]}}