{"id":250,"date":"2019-12-13T11:56:05","date_gmt":"2019-12-13T08:56:05","guid":{"rendered":"http:\/\/artemavitra.com\/?post_type=product&#038;p=250"},"modified":"2024-07-22T15:49:17","modified_gmt":"2024-07-22T12:49:17","slug":"yavas-kapanir-mentese-seti-313669yp1te","status":"publish","type":"product","link":"https:\/\/artemavitra.com\/index.php\/urun\/yavas-kapanir-mentese-seti-313669yp1te\/","title":{"rendered":"Yava\u015f kapan\u0131r mente\u015fe seti (313669YP1TE)"},"content":{"rendered":"<p>Yeni Tip<br \/>\n420478, 420483 ve 420484 yerine sipari\u015f edilmelidir<br \/>\nTip-1-Beyaz renkli mente\u015fe seti, yava\u015f kapan\u0131r<br \/>\n72-74-75-77-84-85-86-89-90-91-94-97-104-106-108-110-127<\/p>\n","protected":false},"excerpt":{"rendered":"<p>Yeni Tip 420478, 420483 ve 420484 yerine sipari\u015f edilmelidir Tip-1-Beyaz renkli mente\u015fe seti, yava\u015f kapan\u0131r 72-74-75-77-84-85-86-89-90-91-94-97-104-106-108-110-127<\/p>\n","protected":false},"featured_media":251,"comment_status":"open","ping_status":"closed","template":"","meta":[],"product_brand":[],"product_cat":[18],"product_tag":[96,97,98,100,106,380,381,382,383,79,80,81,83,84,85,86,89,90,91,92,95,44,377,22,21,165,20,38,39,378,379,230,231,219,145,164,159,376],"class_list":{"0":"post-250","1":"product","2":"type-product","3":"status-publish","4":"has-post-thumbnail","6":"product_cat-klozet-kapaklari","7":"product_tag-96","8":"product_tag-97","9":"product_tag-98","10":"product_tag-100","11":"product_tag-106","12":"product_tag-313669yp1te","13":"product_tag-381","14":"product_tag-382","15":"product_tag-383","16":"product_tag-79","17":"product_tag-80","18":"product_tag-81","19":"product_tag-83","20":"product_tag-84","21":"product_tag-85","22":"product_tag-86","23":"product_tag-89","24":"product_tag-90","25":"product_tag-91","26":"product_tag-92","27":"product_tag-95","28":"product_tag-beyaz","29":"product_tag-edilir","30":"product_tag-kapagi","31":"product_tag-kapak","32":"product_tag-kapanir","33":"product_tag-klozet","34":"product_tag-mentese","35":"product_tag-mentesesi","36":"product_tag-renk","37":"product_tag-renkli","38":"product_tag-set","39":"product_tag-seti","40":"product_tag-siparis","41":"product_tag-tip","42":"product_tag-yavas","43":"product_tag-yeni","44":"product_tag-yerine","46":"first","47":"instock","48":"shipping-taxable","49":"product-type-simple"},"jetpack_sharing_enabled":true,"_links":{"self":[{"href":"https:\/\/artemavitra.com\/index.php\/wp-json\/wp\/v2\/product\/250","targetHints":{"allow":["GET"]}}],"collection":[{"href":"https:\/\/artemavitra.com\/index.php\/wp-json\/wp\/v2\/product"}],"about":[{"href":"https:\/\/artemavitra.com\/index.php\/wp-json\/wp\/v2\/types\/product"}],"replies":[{"embeddable":true,"href":"https:\/\/artemavitra.com\/index.php\/wp-json\/wp\/v2\/comments?post=250"}],"version-history":[{"count":0,"href":"https:\/\/artemavitra.com\/index.php\/wp-json\/wp\/v2\/product\/250\/revisions"}],"wp:featuredmedia":[{"embeddable":true,"href":"https:\/\/artemavitra.com\/index.php\/wp-json\/wp\/v2\/media\/251"}],"wp:attachment":[{"href":"https:\/\/artemavitra.com\/index.php\/wp-json\/wp\/v2\/media?parent=250"}],"wp:term":[{"taxonomy":"product_brand","embeddable":true,"href":"https:\/\/artemavitra.com\/index.php\/wp-json\/wp\/v2\/product_brand?post=250"},{"taxonomy":"product_cat","embeddable":true,"href":"https:\/\/artemavitra.com\/index.php\/wp-json\/wp\/v2\/product_cat?post=250"},{"taxonomy":"product_tag","embeddable":true,"href":"https:\/\/artemavitra.com\/index.php\/wp-json\/wp\/v2\/product_tag?post=250"}],"curies":[{"name":"wp","href":"https:\/\/api.w.org\/{rel}","templated":true}]}}