{"id":262,"date":"2019-12-13T12:08:24","date_gmt":"2019-12-13T09:08:24","guid":{"rendered":"http:\/\/artemavitra.com\/?post_type=product&#038;p=262"},"modified":"2024-07-22T15:49:09","modified_gmt":"2024-07-22T12:49:09","slug":"govde-seti-420422yp1te","status":"publish","type":"product","link":"https:\/\/artemavitra.com\/index.php\/urun\/govde-seti-420422yp1te\/","title":{"rendered":"G\u00f6vde seti (420422YP1TE)"},"content":{"rendered":"<p>Tip 2- Gri renkli damper, yava\u015f kapan\u0131r ve standart<br \/>\n64-72-73<\/p>\n","protected":false},"excerpt":{"rendered":"<p>Tip 2- Gri renkli damper, yava\u015f kapan\u0131r ve standart 64-72-73<\/p>\n","protected":false},"featured_media":263,"comment_status":"open","ping_status":"closed","template":"","meta":[],"product_brand":[],"product_cat":[18],"product_tag":[390,391,207,79,212,151,364,245,205,22,21,165,20,38,39,378,230,231,373,145,164],"class_list":{"0":"post-262","1":"product","2":"type-product","3":"status-publish","4":"has-post-thumbnail","6":"product_cat-klozet-kapaklari","7":"product_tag-390","8":"product_tag-420422yp1te","9":"product_tag-207","10":"product_tag-79","11":"product_tag-212","12":"product_tag-damper","13":"product_tag-govde","14":"product_tag-grey","15":"product_tag-gri","16":"product_tag-kapagi","17":"product_tag-kapak","18":"product_tag-kapanir","19":"product_tag-klozet","20":"product_tag-mentese","21":"product_tag-mentesesi","22":"product_tag-renk","23":"product_tag-set","24":"product_tag-seti","25":"product_tag-standart","26":"product_tag-tip","27":"product_tag-yavas","29":"first","30":"instock","31":"shipping-taxable","32":"product-type-simple"},"jetpack_sharing_enabled":true,"_links":{"self":[{"href":"https:\/\/artemavitra.com\/index.php\/wp-json\/wp\/v2\/product\/262","targetHints":{"allow":["GET"]}}],"collection":[{"href":"https:\/\/artemavitra.com\/index.php\/wp-json\/wp\/v2\/product"}],"about":[{"href":"https:\/\/artemavitra.com\/index.php\/wp-json\/wp\/v2\/types\/product"}],"replies":[{"embeddable":true,"href":"https:\/\/artemavitra.com\/index.php\/wp-json\/wp\/v2\/comments?post=262"}],"version-history":[{"count":0,"href":"https:\/\/artemavitra.com\/index.php\/wp-json\/wp\/v2\/product\/262\/revisions"}],"wp:featuredmedia":[{"embeddable":true,"href":"https:\/\/artemavitra.com\/index.php\/wp-json\/wp\/v2\/media\/263"}],"wp:attachment":[{"href":"https:\/\/artemavitra.com\/index.php\/wp-json\/wp\/v2\/media?parent=262"}],"wp:term":[{"taxonomy":"product_brand","embeddable":true,"href":"https:\/\/artemavitra.com\/index.php\/wp-json\/wp\/v2\/product_brand?post=262"},{"taxonomy":"product_cat","embeddable":true,"href":"https:\/\/artemavitra.com\/index.php\/wp-json\/wp\/v2\/product_cat?post=262"},{"taxonomy":"product_tag","embeddable":true,"href":"https:\/\/artemavitra.com\/index.php\/wp-json\/wp\/v2\/product_tag?post=262"}],"curies":[{"name":"wp","href":"https:\/\/api.w.org\/{rel}","templated":true}]}}