{"id":266,"date":"2019-12-13T12:12:22","date_gmt":"2019-12-13T09:12:22","guid":{"rendered":"http:\/\/artemavitra.com\/?post_type=product&#038;p=266"},"modified":"2024-07-22T15:49:06","modified_gmt":"2024-07-22T12:49:06","slug":"mentese-seti-420423yp1te","status":"publish","type":"product","link":"https:\/\/artemavitra.com\/index.php\/urun\/mentese-seti-420423yp1te\/","title":{"rendered":"Mente\u015fe seti (420423YP1TE)"},"content":{"rendered":"<p>Tip 2- Gri renk basma butonlu damper, yava\u015f kapan\u0131r ve standart<br \/>\n64-72-73<\/p>\n","protected":false},"excerpt":{"rendered":"<p>Tip 2- Gri renk basma butonlu damper, yava\u015f kapan\u0131r ve standart 64-72-73<\/p>\n","protected":false},"featured_media":267,"comment_status":"open","ping_status":"closed","template":"","meta":[],"product_brand":[],"product_cat":[18],"product_tag":[390,394,207,79,212,395,162,151,245,205,22,21,165,20,38,39,378,230,231,373,145,164],"class_list":{"0":"post-266","1":"product","2":"type-product","3":"status-publish","4":"has-post-thumbnail","6":"product_cat-klozet-kapaklari","7":"product_tag-390","8":"product_tag-420423yp1te","9":"product_tag-207","10":"product_tag-79","11":"product_tag-212","12":"product_tag-basma4","13":"product_tag-buton","14":"product_tag-damper","15":"product_tag-grey","16":"product_tag-gri","17":"product_tag-kapagi","18":"product_tag-kapak","19":"product_tag-kapanir","20":"product_tag-klozet","21":"product_tag-mentese","22":"product_tag-mentesesi","23":"product_tag-renk","24":"product_tag-set","25":"product_tag-seti","26":"product_tag-standart","27":"product_tag-tip","28":"product_tag-yavas","30":"first","31":"instock","32":"shipping-taxable","33":"product-type-simple"},"jetpack_sharing_enabled":true,"_links":{"self":[{"href":"https:\/\/artemavitra.com\/index.php\/wp-json\/wp\/v2\/product\/266","targetHints":{"allow":["GET"]}}],"collection":[{"href":"https:\/\/artemavitra.com\/index.php\/wp-json\/wp\/v2\/product"}],"about":[{"href":"https:\/\/artemavitra.com\/index.php\/wp-json\/wp\/v2\/types\/product"}],"replies":[{"embeddable":true,"href":"https:\/\/artemavitra.com\/index.php\/wp-json\/wp\/v2\/comments?post=266"}],"version-history":[{"count":0,"href":"https:\/\/artemavitra.com\/index.php\/wp-json\/wp\/v2\/product\/266\/revisions"}],"wp:featuredmedia":[{"embeddable":true,"href":"https:\/\/artemavitra.com\/index.php\/wp-json\/wp\/v2\/media\/267"}],"wp:attachment":[{"href":"https:\/\/artemavitra.com\/index.php\/wp-json\/wp\/v2\/media?parent=266"}],"wp:term":[{"taxonomy":"product_brand","embeddable":true,"href":"https:\/\/artemavitra.com\/index.php\/wp-json\/wp\/v2\/product_brand?post=266"},{"taxonomy":"product_cat","embeddable":true,"href":"https:\/\/artemavitra.com\/index.php\/wp-json\/wp\/v2\/product_cat?post=266"},{"taxonomy":"product_tag","embeddable":true,"href":"https:\/\/artemavitra.com\/index.php\/wp-json\/wp\/v2\/product_tag?post=266"}],"curies":[{"name":"wp","href":"https:\/\/api.w.org\/{rel}","templated":true}]}}