{"id":27,"date":"2019-12-11T18:17:03","date_gmt":"2019-12-11T15:17:03","guid":{"rendered":"http:\/\/artemavitra.com\/?post_type=product&#038;p=27"},"modified":"2024-07-22T15:50:08","modified_gmt":"2024-07-22T12:50:08","slug":"klozet-kapagi-montaj-aparati","status":"publish","type":"product","link":"https:\/\/artemavitra.com\/index.php\/urun\/klozet-kapagi-montaj-aparati\/","title":{"rendered":"Klozet kapa\u011f\u0131 montaj aparat\u0131 (311316YP1TE)"},"content":{"rendered":"<p>Plastik-Turkuaz kapak 08<\/p>\n","protected":false},"excerpt":{"rendered":"<p>Plastik-Turkuaz kapak 08<\/p>\n","protected":false},"featured_media":28,"comment_status":"open","ping_status":"closed","template":"","meta":[],"product_brand":[],"product_cat":[18],"product_tag":[28,19,29,30,24,25,22,21,20,23,26,31,27],"class_list":{"0":"post-27","1":"product","2":"type-product","3":"status-publish","4":"has-post-thumbnail","6":"product_cat-klozet-kapaklari","7":"product_tag-28","8":"product_tag-311316yp1te","9":"product_tag-4-set","10":"product_tag-30","11":"product_tag-aparat","12":"product_tag-aparati","13":"product_tag-kapagi","14":"product_tag-kapak","15":"product_tag-klozet","16":"product_tag-montaj","17":"product_tag-plastik","18":"product_tag-tl","19":"product_tag-turkuaz","21":"first","22":"instock","23":"shipping-taxable","24":"product-type-simple"},"jetpack_sharing_enabled":true,"_links":{"self":[{"href":"https:\/\/artemavitra.com\/index.php\/wp-json\/wp\/v2\/product\/27","targetHints":{"allow":["GET"]}}],"collection":[{"href":"https:\/\/artemavitra.com\/index.php\/wp-json\/wp\/v2\/product"}],"about":[{"href":"https:\/\/artemavitra.com\/index.php\/wp-json\/wp\/v2\/types\/product"}],"replies":[{"embeddable":true,"href":"https:\/\/artemavitra.com\/index.php\/wp-json\/wp\/v2\/comments?post=27"}],"version-history":[{"count":0,"href":"https:\/\/artemavitra.com\/index.php\/wp-json\/wp\/v2\/product\/27\/revisions"}],"wp:featuredmedia":[{"embeddable":true,"href":"https:\/\/artemavitra.com\/index.php\/wp-json\/wp\/v2\/media\/28"}],"wp:attachment":[{"href":"https:\/\/artemavitra.com\/index.php\/wp-json\/wp\/v2\/media?parent=27"}],"wp:term":[{"taxonomy":"product_brand","embeddable":true,"href":"https:\/\/artemavitra.com\/index.php\/wp-json\/wp\/v2\/product_brand?post=27"},{"taxonomy":"product_cat","embeddable":true,"href":"https:\/\/artemavitra.com\/index.php\/wp-json\/wp\/v2\/product_cat?post=27"},{"taxonomy":"product_tag","embeddable":true,"href":"https:\/\/artemavitra.com\/index.php\/wp-json\/wp\/v2\/product_tag?post=27"}],"curies":[{"name":"wp","href":"https:\/\/api.w.org\/{rel}","templated":true}]}}