{"id":2773,"date":"2019-12-20T22:08:22","date_gmt":"2019-12-20T19:08:22","guid":{"rendered":"http:\/\/artemavitra.com\/?post_type=product&#038;p=2773"},"modified":"2024-07-22T15:31:43","modified_gmt":"2024-07-22T12:31:43","slug":"hafele-duser-kapak-mentesesi-6613882","status":"publish","type":"product","link":"https:\/\/artemavitra.com\/index.php\/urun\/hafele-duser-kapak-mentesesi-6613882\/","title":{"rendered":"Hafele d\u00fc\u015fer kapak mente\u015fesi (6613882)"},"content":{"rendered":"<p>Sento<\/p>\n","protected":false},"excerpt":{"rendered":"<p>Sento<\/p>\n","protected":false},"featured_media":2774,"comment_status":"open","ping_status":"closed","template":"","meta":[],"product_brand":[],"product_cat":[943],"product_tag":[2482,723,898,2483,21,38,2454,39,724,728,457],"class_list":{"0":"post-2773","1":"product","2":"type-product","3":"status-publish","4":"has-post-thumbnail","6":"product_cat-menteseler","7":"product_tag-2482","8":"product_tag-banyo","9":"product_tag-duser","10":"product_tag-hafele","11":"product_tag-kapak","12":"product_tag-mentese","13":"product_tag-menteseler","14":"product_tag-mentesesi","15":"product_tag-mobilya","16":"product_tag-mobilyalari","17":"product_tag-sento","19":"first","20":"outofstock","21":"shipping-taxable","22":"product-type-simple"},"jetpack_sharing_enabled":true,"_links":{"self":[{"href":"https:\/\/artemavitra.com\/index.php\/wp-json\/wp\/v2\/product\/2773","targetHints":{"allow":["GET"]}}],"collection":[{"href":"https:\/\/artemavitra.com\/index.php\/wp-json\/wp\/v2\/product"}],"about":[{"href":"https:\/\/artemavitra.com\/index.php\/wp-json\/wp\/v2\/types\/product"}],"replies":[{"embeddable":true,"href":"https:\/\/artemavitra.com\/index.php\/wp-json\/wp\/v2\/comments?post=2773"}],"version-history":[{"count":1,"href":"https:\/\/artemavitra.com\/index.php\/wp-json\/wp\/v2\/product\/2773\/revisions"}],"predecessor-version":[{"id":2775,"href":"https:\/\/artemavitra.com\/index.php\/wp-json\/wp\/v2\/product\/2773\/revisions\/2775"}],"wp:featuredmedia":[{"embeddable":true,"href":"https:\/\/artemavitra.com\/index.php\/wp-json\/wp\/v2\/media\/2774"}],"wp:attachment":[{"href":"https:\/\/artemavitra.com\/index.php\/wp-json\/wp\/v2\/media?parent=2773"}],"wp:term":[{"taxonomy":"product_brand","embeddable":true,"href":"https:\/\/artemavitra.com\/index.php\/wp-json\/wp\/v2\/product_brand?post=2773"},{"taxonomy":"product_cat","embeddable":true,"href":"https:\/\/artemavitra.com\/index.php\/wp-json\/wp\/v2\/product_cat?post=2773"},{"taxonomy":"product_tag","embeddable":true,"href":"https:\/\/artemavitra.com\/index.php\/wp-json\/wp\/v2\/product_tag?post=2773"}],"curies":[{"name":"wp","href":"https:\/\/api.w.org\/{rel}","templated":true}]}}