{"id":278,"date":"2019-12-13T12:22:28","date_gmt":"2019-12-13T09:22:28","guid":{"rendered":"http:\/\/artemavitra.com\/?post_type=product&#038;p=278"},"modified":"2024-07-22T15:48:59","modified_gmt":"2024-07-22T12:48:59","slug":"mentese-kollari-427021yp1te","status":"publish","type":"product","link":"https:\/\/artemavitra.com\/index.php\/urun\/mentese-kollari-427021yp1te\/","title":{"rendered":"Mente\u015fe kollar\u0131 (427021YP1TE)"},"content":{"rendered":"<p>28 Montana kapak i\u00e7in<\/p>\n","protected":false},"excerpt":{"rendered":"<p>28 Montana kapak i\u00e7in<\/p>\n","protected":false},"featured_media":279,"comment_status":"open","ping_status":"closed","template":"","meta":[],"product_brand":[],"product_cat":[18],"product_tag":[62,406,166,22,21,20,404,405,38,39,259],"class_list":{"0":"post-278","1":"product","2":"type-product","3":"status-publish","4":"has-post-thumbnail","6":"product_cat-klozet-kapaklari","7":"product_tag-62","8":"product_tag-427021yp1te","9":"product_tag-icin","10":"product_tag-kapagi","11":"product_tag-kapak","12":"product_tag-klozet","13":"product_tag-kol","14":"product_tag-kollari","15":"product_tag-mentese","16":"product_tag-mentesesi","17":"product_tag-montana","19":"first","20":"instock","21":"shipping-taxable","22":"product-type-simple"},"jetpack_sharing_enabled":true,"_links":{"self":[{"href":"https:\/\/artemavitra.com\/index.php\/wp-json\/wp\/v2\/product\/278","targetHints":{"allow":["GET"]}}],"collection":[{"href":"https:\/\/artemavitra.com\/index.php\/wp-json\/wp\/v2\/product"}],"about":[{"href":"https:\/\/artemavitra.com\/index.php\/wp-json\/wp\/v2\/types\/product"}],"replies":[{"embeddable":true,"href":"https:\/\/artemavitra.com\/index.php\/wp-json\/wp\/v2\/comments?post=278"}],"version-history":[{"count":0,"href":"https:\/\/artemavitra.com\/index.php\/wp-json\/wp\/v2\/product\/278\/revisions"}],"wp:featuredmedia":[{"embeddable":true,"href":"https:\/\/artemavitra.com\/index.php\/wp-json\/wp\/v2\/media\/279"}],"wp:attachment":[{"href":"https:\/\/artemavitra.com\/index.php\/wp-json\/wp\/v2\/media?parent=278"}],"wp:term":[{"taxonomy":"product_brand","embeddable":true,"href":"https:\/\/artemavitra.com\/index.php\/wp-json\/wp\/v2\/product_brand?post=278"},{"taxonomy":"product_cat","embeddable":true,"href":"https:\/\/artemavitra.com\/index.php\/wp-json\/wp\/v2\/product_cat?post=278"},{"taxonomy":"product_tag","embeddable":true,"href":"https:\/\/artemavitra.com\/index.php\/wp-json\/wp\/v2\/product_tag?post=278"}],"curies":[{"name":"wp","href":"https:\/\/api.w.org\/{rel}","templated":true}]}}