{"id":2797,"date":"2019-12-20T22:21:38","date_gmt":"2019-12-20T19:21:38","guid":{"rendered":"http:\/\/artemavitra.com\/?post_type=product&#038;p=2797"},"modified":"2024-07-22T15:31:32","modified_gmt":"2024-07-22T12:31:32","slug":"90-kada-311324yp1te","status":"publish","type":"product","link":"https:\/\/artemavitra.com\/index.php\/urun\/90-kada-311324yp1te\/","title":{"rendered":"90\u00b0 kada (311324YP1TE)"},"content":{"rendered":"<p>Klozetlerde alttan pis su \u00e7\u0131k\u0131\u015f\u0131 i\u00e7in<\/p>\n","protected":false},"excerpt":{"rendered":"<p>Klozetlerde alttan pis su \u00e7\u0131k\u0131\u015f\u0131 i\u00e7in<\/p>\n","protected":false},"featured_media":2798,"comment_status":"open","ping_status":"closed","template":"","meta":[],"product_brand":[],"product_cat":[1322],"product_tag":[2508,90,47,689,723,272,618,2507,776,1330,166,2509,2510,584,1061,230,231,1062,1212,758,2506,568,712,2505,966],"class_list":{"0":"post-2797","1":"product","2":"type-product","3":"status-publish","4":"has-post-thumbnail","6":"product_cat-sifon-ve-baglanti-elemanlari","7":"product_tag-311324yp1te","8":"product_tag-90","9":"product_tag-alttan","10":"product_tag-baglanti","11":"product_tag-banyo","12":"product_tag-boru","13":"product_tag-cikisi","14":"product_tag-diger","15":"product_tag-eleman","16":"product_tag-elemanlari","17":"product_tag-icin","18":"product_tag-kada","19":"product_tag-klozetlerde","20":"product_tag-pis","21":"product_tag-seramik","22":"product_tag-set","23":"product_tag-seti","24":"product_tag-setler","25":"product_tag-setleri","26":"product_tag-sifon","27":"product_tag-sifonlar","28":"product_tag-su","29":"product_tag-urunler","30":"product_tag-urunleri","31":"product_tag-ve","33":"first","34":"outofstock","35":"shipping-taxable","36":"product-type-simple"},"jetpack_sharing_enabled":true,"_links":{"self":[{"href":"https:\/\/artemavitra.com\/index.php\/wp-json\/wp\/v2\/product\/2797","targetHints":{"allow":["GET"]}}],"collection":[{"href":"https:\/\/artemavitra.com\/index.php\/wp-json\/wp\/v2\/product"}],"about":[{"href":"https:\/\/artemavitra.com\/index.php\/wp-json\/wp\/v2\/types\/product"}],"replies":[{"embeddable":true,"href":"https:\/\/artemavitra.com\/index.php\/wp-json\/wp\/v2\/comments?post=2797"}],"version-history":[{"count":1,"href":"https:\/\/artemavitra.com\/index.php\/wp-json\/wp\/v2\/product\/2797\/revisions"}],"predecessor-version":[{"id":2799,"href":"https:\/\/artemavitra.com\/index.php\/wp-json\/wp\/v2\/product\/2797\/revisions\/2799"}],"wp:featuredmedia":[{"embeddable":true,"href":"https:\/\/artemavitra.com\/index.php\/wp-json\/wp\/v2\/media\/2798"}],"wp:attachment":[{"href":"https:\/\/artemavitra.com\/index.php\/wp-json\/wp\/v2\/media?parent=2797"}],"wp:term":[{"taxonomy":"product_brand","embeddable":true,"href":"https:\/\/artemavitra.com\/index.php\/wp-json\/wp\/v2\/product_brand?post=2797"},{"taxonomy":"product_cat","embeddable":true,"href":"https:\/\/artemavitra.com\/index.php\/wp-json\/wp\/v2\/product_cat?post=2797"},{"taxonomy":"product_tag","embeddable":true,"href":"https:\/\/artemavitra.com\/index.php\/wp-json\/wp\/v2\/product_tag?post=2797"}],"curies":[{"name":"wp","href":"https:\/\/api.w.org\/{rel}","templated":true}]}}