{"id":280,"date":"2019-12-13T12:24:18","date_gmt":"2019-12-13T09:24:18","guid":{"rendered":"http:\/\/artemavitra.com\/?post_type=product&#038;p=280"},"modified":"2024-07-22T15:48:57","modified_gmt":"2024-07-22T12:48:57","slug":"mentese-kollari-427019yp1te","status":"publish","type":"product","link":"https:\/\/artemavitra.com\/index.php\/urun\/mentese-kollari-427019yp1te\/","title":{"rendered":"Mente\u015fe kollar\u0131 (427019YP1TE)"},"content":{"rendered":"<p>30 Mona kapak i\u00e7in<\/p>\n","protected":false},"excerpt":{"rendered":"<p>30 Mona kapak i\u00e7in<\/p>\n","protected":false},"featured_media":281,"comment_status":"open","ping_status":"closed","template":"","meta":[],"product_brand":[],"product_cat":[18],"product_tag":[63,407,166,22,21,20,404,405,38,39,139],"class_list":{"0":"post-280","1":"product","2":"type-product","3":"status-publish","4":"has-post-thumbnail","6":"product_cat-klozet-kapaklari","7":"product_tag-63","8":"product_tag-427019yp1te","9":"product_tag-icin","10":"product_tag-kapagi","11":"product_tag-kapak","12":"product_tag-klozet","13":"product_tag-kol","14":"product_tag-kollari","15":"product_tag-mentese","16":"product_tag-mentesesi","17":"product_tag-mona","19":"first","20":"instock","21":"shipping-taxable","22":"product-type-simple"},"jetpack_sharing_enabled":true,"_links":{"self":[{"href":"https:\/\/artemavitra.com\/index.php\/wp-json\/wp\/v2\/product\/280","targetHints":{"allow":["GET"]}}],"collection":[{"href":"https:\/\/artemavitra.com\/index.php\/wp-json\/wp\/v2\/product"}],"about":[{"href":"https:\/\/artemavitra.com\/index.php\/wp-json\/wp\/v2\/types\/product"}],"replies":[{"embeddable":true,"href":"https:\/\/artemavitra.com\/index.php\/wp-json\/wp\/v2\/comments?post=280"}],"version-history":[{"count":0,"href":"https:\/\/artemavitra.com\/index.php\/wp-json\/wp\/v2\/product\/280\/revisions"}],"wp:featuredmedia":[{"embeddable":true,"href":"https:\/\/artemavitra.com\/index.php\/wp-json\/wp\/v2\/media\/281"}],"wp:attachment":[{"href":"https:\/\/artemavitra.com\/index.php\/wp-json\/wp\/v2\/media?parent=280"}],"wp:term":[{"taxonomy":"product_brand","embeddable":true,"href":"https:\/\/artemavitra.com\/index.php\/wp-json\/wp\/v2\/product_brand?post=280"},{"taxonomy":"product_cat","embeddable":true,"href":"https:\/\/artemavitra.com\/index.php\/wp-json\/wp\/v2\/product_cat?post=280"},{"taxonomy":"product_tag","embeddable":true,"href":"https:\/\/artemavitra.com\/index.php\/wp-json\/wp\/v2\/product_tag?post=280"}],"curies":[{"name":"wp","href":"https:\/\/api.w.org\/{rel}","templated":true}]}}