{"id":2829,"date":"2019-12-20T22:32:03","date_gmt":"2019-12-20T19:32:03","guid":{"rendered":"http:\/\/artemavitra.com\/?post_type=product&#038;p=2829"},"modified":"2024-07-22T15:31:19","modified_gmt":"2024-07-22T12:31:19","slug":"plastik-dirsek-424030yp1te","status":"publish","type":"product","link":"https:\/\/artemavitra.com\/index.php\/urun\/plastik-dirsek-424030yp1te\/","title":{"rendered":"Plastik dirsek (424030YP1TE)"},"content":{"rendered":"<p>R3\/8\u201dx R3\/8\u201d<br \/>\nDuvara tam dayal\u0131 klozetlerde taharet borusu ve rezervuara su<br \/>\ngiri\u015f ba\u011flant\u0131s\u0131 i\u00e7in<\/p>\n","protected":false},"excerpt":{"rendered":"<p>R3\/8\u201dx R3\/8\u201d Duvara tam dayal\u0131 klozetlerde taharet borusu ve rezervuara su giri\u015f ba\u011flant\u0131s\u0131 i\u00e7in<\/p>\n","protected":false},"featured_media":2830,"comment_status":"open","ping_status":"closed","template":"","meta":[],"product_brand":[],"product_cat":[1322],"product_tag":[2530,689,981,723,272,273,2531,2507,808,1589,776,1330,629,166,2532,26,2533,1061,230,231,1062,1212,758,2506,568,2495,712,2505,966],"class_list":{"0":"post-2829","1":"product","2":"type-product","3":"status-publish","4":"has-post-thumbnail","6":"product_cat-sifon-ve-baglanti-elemanlari","7":"product_tag-424030yp1te","8":"product_tag-baglanti","9":"product_tag-baglantisi","10":"product_tag-banyo","11":"product_tag-boru","12":"product_tag-borusu","13":"product_tag-dayali","14":"product_tag-diger","15":"product_tag-dirsek","16":"product_tag-duvara","17":"product_tag-eleman","18":"product_tag-elemanlari","19":"product_tag-giris","20":"product_tag-icin","21":"product_tag-klozetlerde-taharet","22":"product_tag-plastik","23":"product_tag-rezervuara","24":"product_tag-seramik","25":"product_tag-set","26":"product_tag-seti","27":"product_tag-setler","28":"product_tag-setleri","29":"product_tag-sifon","30":"product_tag-sifonlar","31":"product_tag-su","32":"product_tag-tam","33":"product_tag-urunler","34":"product_tag-urunleri","35":"product_tag-ve","37":"first","38":"outofstock","39":"shipping-taxable","40":"product-type-simple"},"jetpack_sharing_enabled":true,"_links":{"self":[{"href":"https:\/\/artemavitra.com\/index.php\/wp-json\/wp\/v2\/product\/2829","targetHints":{"allow":["GET"]}}],"collection":[{"href":"https:\/\/artemavitra.com\/index.php\/wp-json\/wp\/v2\/product"}],"about":[{"href":"https:\/\/artemavitra.com\/index.php\/wp-json\/wp\/v2\/types\/product"}],"replies":[{"embeddable":true,"href":"https:\/\/artemavitra.com\/index.php\/wp-json\/wp\/v2\/comments?post=2829"}],"version-history":[{"count":1,"href":"https:\/\/artemavitra.com\/index.php\/wp-json\/wp\/v2\/product\/2829\/revisions"}],"predecessor-version":[{"id":2831,"href":"https:\/\/artemavitra.com\/index.php\/wp-json\/wp\/v2\/product\/2829\/revisions\/2831"}],"wp:featuredmedia":[{"embeddable":true,"href":"https:\/\/artemavitra.com\/index.php\/wp-json\/wp\/v2\/media\/2830"}],"wp:attachment":[{"href":"https:\/\/artemavitra.com\/index.php\/wp-json\/wp\/v2\/media?parent=2829"}],"wp:term":[{"taxonomy":"product_brand","embeddable":true,"href":"https:\/\/artemavitra.com\/index.php\/wp-json\/wp\/v2\/product_brand?post=2829"},{"taxonomy":"product_cat","embeddable":true,"href":"https:\/\/artemavitra.com\/index.php\/wp-json\/wp\/v2\/product_cat?post=2829"},{"taxonomy":"product_tag","embeddable":true,"href":"https:\/\/artemavitra.com\/index.php\/wp-json\/wp\/v2\/product_tag?post=2829"}],"curies":[{"name":"wp","href":"https:\/\/api.w.org\/{rel}","templated":true}]}}