{"id":284,"date":"2019-12-13T12:28:34","date_gmt":"2019-12-13T09:28:34","guid":{"rendered":"http:\/\/artemavitra.com\/?post_type=product&#038;p=284"},"modified":"2024-07-22T15:48:55","modified_gmt":"2024-07-22T12:48:55","slug":"mentese-kollari-427017yp1te","status":"publish","type":"product","link":"https:\/\/artemavitra.com\/index.php\/urun\/mentese-kollari-427017yp1te\/","title":{"rendered":"Mente\u015fe kollar\u0131 (427017YP1TE)"},"content":{"rendered":"<p>32-35 Nuova ve Retro kapaklar i\u00e7in<\/p>\n","protected":false},"excerpt":{"rendered":"<p>32-35 Nuova ve Retro kapaklar i\u00e7in<\/p>\n","protected":false},"featured_media":285,"comment_status":"open","ping_status":"closed","template":"","meta":[],"product_brand":[],"product_cat":[18],"product_tag":[64,66,409,166,22,21,20,404,405,38,39,142,149],"class_list":{"0":"post-284","1":"product","2":"type-product","3":"status-publish","4":"has-post-thumbnail","6":"product_cat-klozet-kapaklari","7":"product_tag-64","8":"product_tag-66","9":"product_tag-427017yp1te","10":"product_tag-icin","11":"product_tag-kapagi","12":"product_tag-kapak","13":"product_tag-klozet","14":"product_tag-kol","15":"product_tag-kollari","16":"product_tag-mentese","17":"product_tag-mentesesi","18":"product_tag-nuova","19":"product_tag-retro","21":"first","22":"instock","23":"shipping-taxable","24":"product-type-simple"},"jetpack_sharing_enabled":true,"_links":{"self":[{"href":"https:\/\/artemavitra.com\/index.php\/wp-json\/wp\/v2\/product\/284","targetHints":{"allow":["GET"]}}],"collection":[{"href":"https:\/\/artemavitra.com\/index.php\/wp-json\/wp\/v2\/product"}],"about":[{"href":"https:\/\/artemavitra.com\/index.php\/wp-json\/wp\/v2\/types\/product"}],"replies":[{"embeddable":true,"href":"https:\/\/artemavitra.com\/index.php\/wp-json\/wp\/v2\/comments?post=284"}],"version-history":[{"count":0,"href":"https:\/\/artemavitra.com\/index.php\/wp-json\/wp\/v2\/product\/284\/revisions"}],"wp:featuredmedia":[{"embeddable":true,"href":"https:\/\/artemavitra.com\/index.php\/wp-json\/wp\/v2\/media\/285"}],"wp:attachment":[{"href":"https:\/\/artemavitra.com\/index.php\/wp-json\/wp\/v2\/media?parent=284"}],"wp:term":[{"taxonomy":"product_brand","embeddable":true,"href":"https:\/\/artemavitra.com\/index.php\/wp-json\/wp\/v2\/product_brand?post=284"},{"taxonomy":"product_cat","embeddable":true,"href":"https:\/\/artemavitra.com\/index.php\/wp-json\/wp\/v2\/product_cat?post=284"},{"taxonomy":"product_tag","embeddable":true,"href":"https:\/\/artemavitra.com\/index.php\/wp-json\/wp\/v2\/product_tag?post=284"}],"curies":[{"name":"wp","href":"https:\/\/api.w.org\/{rel}","templated":true}]}}