{"id":288,"date":"2019-12-13T12:33:18","date_gmt":"2019-12-13T09:33:18","guid":{"rendered":"http:\/\/artemavitra.com\/?post_type=product&#038;p=288"},"modified":"2024-07-22T15:48:52","modified_gmt":"2024-07-22T12:48:52","slug":"klozet-kapak-mentesesi-420243yp1te","status":"publish","type":"product","link":"https:\/\/artemavitra.com\/index.php\/urun\/klozet-kapak-mentesesi-420243yp1te\/","title":{"rendered":"Klozet kapak mente\u015fesi (420243YP1TE)"},"content":{"rendered":"<p>Alt\u0131n-37 kapak i\u00e7in<\/p>\n","protected":false},"excerpt":{"rendered":"<p>Alt\u0131n-37 kapak i\u00e7in<\/p>\n","protected":false},"featured_media":289,"comment_status":"open","ping_status":"closed","template":"","meta":[],"product_brand":[],"product_cat":[18],"product_tag":[169,412,413,166,22,21,20,38,39],"class_list":{"0":"post-288","1":"product","2":"type-product","3":"status-publish","4":"has-post-thumbnail","6":"product_cat-klozet-kapaklari","7":"product_tag-169","8":"product_tag-420243yp1te","9":"product_tag-altin","10":"product_tag-icin","11":"product_tag-kapagi","12":"product_tag-kapak","13":"product_tag-klozet","14":"product_tag-mentese","15":"product_tag-mentesesi","17":"first","18":"instock","19":"shipping-taxable","20":"product-type-simple"},"jetpack_sharing_enabled":true,"_links":{"self":[{"href":"https:\/\/artemavitra.com\/index.php\/wp-json\/wp\/v2\/product\/288","targetHints":{"allow":["GET"]}}],"collection":[{"href":"https:\/\/artemavitra.com\/index.php\/wp-json\/wp\/v2\/product"}],"about":[{"href":"https:\/\/artemavitra.com\/index.php\/wp-json\/wp\/v2\/types\/product"}],"replies":[{"embeddable":true,"href":"https:\/\/artemavitra.com\/index.php\/wp-json\/wp\/v2\/comments?post=288"}],"version-history":[{"count":0,"href":"https:\/\/artemavitra.com\/index.php\/wp-json\/wp\/v2\/product\/288\/revisions"}],"wp:featuredmedia":[{"embeddable":true,"href":"https:\/\/artemavitra.com\/index.php\/wp-json\/wp\/v2\/media\/289"}],"wp:attachment":[{"href":"https:\/\/artemavitra.com\/index.php\/wp-json\/wp\/v2\/media?parent=288"}],"wp:term":[{"taxonomy":"product_brand","embeddable":true,"href":"https:\/\/artemavitra.com\/index.php\/wp-json\/wp\/v2\/product_brand?post=288"},{"taxonomy":"product_cat","embeddable":true,"href":"https:\/\/artemavitra.com\/index.php\/wp-json\/wp\/v2\/product_cat?post=288"},{"taxonomy":"product_tag","embeddable":true,"href":"https:\/\/artemavitra.com\/index.php\/wp-json\/wp\/v2\/product_tag?post=288"}],"curies":[{"name":"wp","href":"https:\/\/api.w.org\/{rel}","templated":true}]}}