{"id":292,"date":"2019-12-13T12:41:08","date_gmt":"2019-12-13T09:41:08","guid":{"rendered":"http:\/\/artemavitra.com\/?post_type=product&#038;p=292"},"modified":"2024-07-22T15:48:50","modified_gmt":"2024-07-22T12:48:50","slug":"s20-mentese-seti-424167yp1te","status":"publish","type":"product","link":"https:\/\/artemavitra.com\/index.php\/urun\/s20-mentese-seti-424167yp1te\/","title":{"rendered":"S20 mente\u015fe seti (424167YP1TE)"},"content":{"rendered":"<p>83 pisuvar kapa\u011f\u0131<\/p>\n","protected":false},"excerpt":{"rendered":"<p>83 pisuvar kapa\u011f\u0131<\/p>\n","protected":false},"featured_media":293,"comment_status":"open","ping_status":"closed","template":"","meta":[],"product_brand":[],"product_cat":[18],"product_tag":[415,416,22,21,20,38,39,138,297],"class_list":{"0":"post-292","1":"product","2":"type-product","3":"status-publish","4":"has-post-thumbnail","6":"product_cat-klozet-kapaklari","7":"product_tag-424167yp1te","8":"product_tag-416","9":"product_tag-kapagi","10":"product_tag-kapak","11":"product_tag-klozet","12":"product_tag-mentese","13":"product_tag-mentesesi","14":"product_tag-pisuvar","15":"product_tag-s20","17":"first","18":"instock","19":"shipping-taxable","20":"product-type-simple"},"jetpack_sharing_enabled":true,"_links":{"self":[{"href":"https:\/\/artemavitra.com\/index.php\/wp-json\/wp\/v2\/product\/292","targetHints":{"allow":["GET"]}}],"collection":[{"href":"https:\/\/artemavitra.com\/index.php\/wp-json\/wp\/v2\/product"}],"about":[{"href":"https:\/\/artemavitra.com\/index.php\/wp-json\/wp\/v2\/types\/product"}],"replies":[{"embeddable":true,"href":"https:\/\/artemavitra.com\/index.php\/wp-json\/wp\/v2\/comments?post=292"}],"version-history":[{"count":0,"href":"https:\/\/artemavitra.com\/index.php\/wp-json\/wp\/v2\/product\/292\/revisions"}],"wp:featuredmedia":[{"embeddable":true,"href":"https:\/\/artemavitra.com\/index.php\/wp-json\/wp\/v2\/media\/293"}],"wp:attachment":[{"href":"https:\/\/artemavitra.com\/index.php\/wp-json\/wp\/v2\/media?parent=292"}],"wp:term":[{"taxonomy":"product_brand","embeddable":true,"href":"https:\/\/artemavitra.com\/index.php\/wp-json\/wp\/v2\/product_brand?post=292"},{"taxonomy":"product_cat","embeddable":true,"href":"https:\/\/artemavitra.com\/index.php\/wp-json\/wp\/v2\/product_cat?post=292"},{"taxonomy":"product_tag","embeddable":true,"href":"https:\/\/artemavitra.com\/index.php\/wp-json\/wp\/v2\/product_tag?post=292"}],"curies":[{"name":"wp","href":"https:\/\/api.w.org\/{rel}","templated":true}]}}