{"id":296,"date":"2019-12-13T12:44:31","date_gmt":"2019-12-13T09:44:31","guid":{"rendered":"http:\/\/artemavitra.com\/?post_type=product&#038;p=296"},"modified":"2024-07-22T15:48:47","modified_gmt":"2024-07-22T12:48:47","slug":"damper-424161yp1te","status":"publish","type":"product","link":"https:\/\/artemavitra.com\/index.php\/urun\/damper-424161yp1te\/","title":{"rendered":"Damper (424161YP1TE)"},"content":{"rendered":"<p>83 pisuvar kapa\u011f\u0131 i\u00e7in<\/p>\n","protected":false},"excerpt":{"rendered":"<p>83 pisuvar kapa\u011f\u0131 i\u00e7in<\/p>\n","protected":false},"featured_media":297,"comment_status":"open","ping_status":"closed","template":"","meta":[],"product_brand":[],"product_cat":[18],"product_tag":[419,416,151,166,22,21,20,38,39,138],"class_list":{"0":"post-296","1":"product","2":"type-product","3":"status-publish","4":"has-post-thumbnail","6":"product_cat-klozet-kapaklari","7":"product_tag-424161yp1te","8":"product_tag-416","9":"product_tag-damper","10":"product_tag-icin","11":"product_tag-kapagi","12":"product_tag-kapak","13":"product_tag-klozet","14":"product_tag-mentese","15":"product_tag-mentesesi","16":"product_tag-pisuvar","18":"first","19":"instock","20":"shipping-taxable","21":"product-type-simple"},"jetpack_sharing_enabled":true,"_links":{"self":[{"href":"https:\/\/artemavitra.com\/index.php\/wp-json\/wp\/v2\/product\/296","targetHints":{"allow":["GET"]}}],"collection":[{"href":"https:\/\/artemavitra.com\/index.php\/wp-json\/wp\/v2\/product"}],"about":[{"href":"https:\/\/artemavitra.com\/index.php\/wp-json\/wp\/v2\/types\/product"}],"replies":[{"embeddable":true,"href":"https:\/\/artemavitra.com\/index.php\/wp-json\/wp\/v2\/comments?post=296"}],"version-history":[{"count":0,"href":"https:\/\/artemavitra.com\/index.php\/wp-json\/wp\/v2\/product\/296\/revisions"}],"wp:featuredmedia":[{"embeddable":true,"href":"https:\/\/artemavitra.com\/index.php\/wp-json\/wp\/v2\/media\/297"}],"wp:attachment":[{"href":"https:\/\/artemavitra.com\/index.php\/wp-json\/wp\/v2\/media?parent=296"}],"wp:term":[{"taxonomy":"product_brand","embeddable":true,"href":"https:\/\/artemavitra.com\/index.php\/wp-json\/wp\/v2\/product_brand?post=296"},{"taxonomy":"product_cat","embeddable":true,"href":"https:\/\/artemavitra.com\/index.php\/wp-json\/wp\/v2\/product_cat?post=296"},{"taxonomy":"product_tag","embeddable":true,"href":"https:\/\/artemavitra.com\/index.php\/wp-json\/wp\/v2\/product_tag?post=296"}],"curies":[{"name":"wp","href":"https:\/\/api.w.org\/{rel}","templated":true}]}}