{"id":300,"date":"2019-12-13T12:47:58","date_gmt":"2019-12-13T09:47:58","guid":{"rendered":"http:\/\/artemavitra.com\/?post_type=product&#038;p=300"},"modified":"2024-07-22T15:48:45","modified_gmt":"2024-07-22T12:48:45","slug":"ustten-sabitleme-aparati-civatasi-420646yp1te","status":"publish","type":"product","link":"https:\/\/artemavitra.com\/index.php\/urun\/ustten-sabitleme-aparati-civatasi-420646yp1te\/","title":{"rendered":"\u00dcstten sabitleme aparat\u0131 civatas\u0131 (420646YP1TE)"},"content":{"rendered":"<p>08-25-28-30-32-35-48-49-50-53-56-58-59-61-66-67-72-74-75-76-<br \/>\n77-86-88-89-90-91<\/p>\n","protected":false},"excerpt":{"rendered":"<p>08-25-28-30-32-35-48-49-50-53-56-58-59-61-66-67-72-74-75-76- 77-86-88-89-90-91<\/p>\n","protected":false},"featured_media":301,"comment_status":"open","ping_status":"closed","template":"","meta":[],"product_brand":[],"product_cat":[18],"product_tag":[28,61,62,63,64,66,422,70,224,215,71,74,75,76,78,154,155,80,81,423,82,83,86,88,89,90,91,24,418,22,21,20,38,39,58,54,55],"class_list":{"0":"post-300","1":"product","2":"type-product","3":"status-publish","4":"has-post-thumbnail","6":"product_cat-klozet-kapaklari","7":"product_tag-28","8":"product_tag-61","9":"product_tag-62","10":"product_tag-63","11":"product_tag-64","12":"product_tag-66","13":"product_tag-420646yp1te","14":"product_tag-70","15":"product_tag-224","16":"product_tag-215","17":"product_tag-71","18":"product_tag-74","19":"product_tag-75","20":"product_tag-76","21":"product_tag-78","22":"product_tag-154","23":"product_tag-155","24":"product_tag-80","25":"product_tag-81","26":"product_tag-423","27":"product_tag-82","28":"product_tag-83","29":"product_tag-86","30":"product_tag-88","31":"product_tag-89","32":"product_tag-90","33":"product_tag-91","34":"product_tag-aparat","35":"product_tag-civata","36":"product_tag-kapagi","37":"product_tag-kapak","38":"product_tag-klozet","39":"product_tag-mentese","40":"product_tag-mentesesi","41":"product_tag-sabitleme","42":"product_tag-ust","43":"product_tag-ustten","45":"first","46":"instock","47":"shipping-taxable","48":"product-type-simple"},"jetpack_sharing_enabled":true,"_links":{"self":[{"href":"https:\/\/artemavitra.com\/index.php\/wp-json\/wp\/v2\/product\/300","targetHints":{"allow":["GET"]}}],"collection":[{"href":"https:\/\/artemavitra.com\/index.php\/wp-json\/wp\/v2\/product"}],"about":[{"href":"https:\/\/artemavitra.com\/index.php\/wp-json\/wp\/v2\/types\/product"}],"replies":[{"embeddable":true,"href":"https:\/\/artemavitra.com\/index.php\/wp-json\/wp\/v2\/comments?post=300"}],"version-history":[{"count":0,"href":"https:\/\/artemavitra.com\/index.php\/wp-json\/wp\/v2\/product\/300\/revisions"}],"wp:featuredmedia":[{"embeddable":true,"href":"https:\/\/artemavitra.com\/index.php\/wp-json\/wp\/v2\/media\/301"}],"wp:attachment":[{"href":"https:\/\/artemavitra.com\/index.php\/wp-json\/wp\/v2\/media?parent=300"}],"wp:term":[{"taxonomy":"product_brand","embeddable":true,"href":"https:\/\/artemavitra.com\/index.php\/wp-json\/wp\/v2\/product_brand?post=300"},{"taxonomy":"product_cat","embeddable":true,"href":"https:\/\/artemavitra.com\/index.php\/wp-json\/wp\/v2\/product_cat?post=300"},{"taxonomy":"product_tag","embeddable":true,"href":"https:\/\/artemavitra.com\/index.php\/wp-json\/wp\/v2\/product_tag?post=300"}],"curies":[{"name":"wp","href":"https:\/\/api.w.org\/{rel}","templated":true}]}}