{"id":3379,"date":"2019-12-27T13:25:48","date_gmt":"2019-12-27T10:25:48","guid":{"rendered":"http:\/\/artemavitra.com\/?post_type=product&#038;p=3379"},"modified":"2024-07-22T15:29:44","modified_gmt":"2024-07-22T12:29:44","slug":"lavabo-ve-bideler-icin-seramik-tapali-sifon-ust-grubu-639200yp1te","status":"publish","type":"product","link":"https:\/\/artemavitra.com\/index.php\/urun\/lavabo-ve-bideler-icin-seramik-tapali-sifon-ust-grubu-639200yp1te\/","title":{"rendered":"Lavabo ve bideler i\u00e7in seramik tapal\u0131 sifon \u00fcst grubu (639200YP1TE)"},"content":{"rendered":"<p>4251-4261-4279-4280-4446-4447-4520-4521-4522-<br \/>\n5880-5881-5882<\/p>\n","protected":false},"excerpt":{"rendered":"<p>4251-4261-4279-4280-4446-4447-4520-4521-4522- 5880-5881-5882<\/p>\n","protected":false},"featured_media":3380,"comment_status":"open","ping_status":"closed","template":"","meta":[],"product_brand":[],"product_cat":[1198],"product_tag":[2755,2756,2757,2758,2759,2760,2761,2762,2763,2764,2765,2766,2753,723,2754,524,166,975,23,1061,230,1062,1212,758,1357,1361,712,2505,54,966],"class_list":{"0":"post-3379","1":"product","2":"type-product","3":"status-publish","4":"has-post-thumbnail","6":"product_cat-montaj-setleri","7":"product_tag-2755","8":"product_tag-2756","9":"product_tag-2757","10":"product_tag-2758","11":"product_tag-2759","12":"product_tag-2760","13":"product_tag-2761","14":"product_tag-2762","15":"product_tag-2763","16":"product_tag-2764","17":"product_tag-2765","18":"product_tag-2766","19":"product_tag-639200yp1te","20":"product_tag-banyo","21":"product_tag-bideler","22":"product_tag-grubu","23":"product_tag-icin","24":"product_tag-lavabo","25":"product_tag-montaj","26":"product_tag-seramik","27":"product_tag-set","28":"product_tag-setler","29":"product_tag-setleri","30":"product_tag-sifon","31":"product_tag-tapali","32":"product_tag-urun","33":"product_tag-urunler","34":"product_tag-urunleri","35":"product_tag-ust","36":"product_tag-ve","38":"first","39":"outofstock","40":"shipping-taxable","41":"product-type-simple"},"jetpack_sharing_enabled":true,"_links":{"self":[{"href":"https:\/\/artemavitra.com\/index.php\/wp-json\/wp\/v2\/product\/3379","targetHints":{"allow":["GET"]}}],"collection":[{"href":"https:\/\/artemavitra.com\/index.php\/wp-json\/wp\/v2\/product"}],"about":[{"href":"https:\/\/artemavitra.com\/index.php\/wp-json\/wp\/v2\/types\/product"}],"replies":[{"embeddable":true,"href":"https:\/\/artemavitra.com\/index.php\/wp-json\/wp\/v2\/comments?post=3379"}],"version-history":[{"count":1,"href":"https:\/\/artemavitra.com\/index.php\/wp-json\/wp\/v2\/product\/3379\/revisions"}],"predecessor-version":[{"id":3381,"href":"https:\/\/artemavitra.com\/index.php\/wp-json\/wp\/v2\/product\/3379\/revisions\/3381"}],"wp:featuredmedia":[{"embeddable":true,"href":"https:\/\/artemavitra.com\/index.php\/wp-json\/wp\/v2\/media\/3380"}],"wp:attachment":[{"href":"https:\/\/artemavitra.com\/index.php\/wp-json\/wp\/v2\/media?parent=3379"}],"wp:term":[{"taxonomy":"product_brand","embeddable":true,"href":"https:\/\/artemavitra.com\/index.php\/wp-json\/wp\/v2\/product_brand?post=3379"},{"taxonomy":"product_cat","embeddable":true,"href":"https:\/\/artemavitra.com\/index.php\/wp-json\/wp\/v2\/product_cat?post=3379"},{"taxonomy":"product_tag","embeddable":true,"href":"https:\/\/artemavitra.com\/index.php\/wp-json\/wp\/v2\/product_tag?post=3379"}],"curies":[{"name":"wp","href":"https:\/\/api.w.org\/{rel}","templated":true}]}}