{"id":3389,"date":"2019-12-27T13:33:42","date_gmt":"2019-12-27T10:33:42","guid":{"rendered":"http:\/\/artemavitra.com\/?post_type=product&#038;p=3389"},"modified":"2024-07-22T15:29:40","modified_gmt":"2024-07-22T12:29:40","slug":"lavabo-dubel-civata-pul-baglanti-seti-424128yp1te","status":"publish","type":"product","link":"https:\/\/artemavitra.com\/index.php\/urun\/lavabo-dubel-civata-pul-baglanti-seti-424128yp1te\/","title":{"rendered":"Lavabo d\u00fcbel civata pul ba\u011flant\u0131 seti (424128YP1TE)"},"content":{"rendered":"<p>5710<\/p>\n","protected":false},"excerpt":{"rendered":"<p>5710<\/p>\n","protected":false},"featured_media":3390,"comment_status":"open","ping_status":"closed","template":"","meta":[],"product_brand":[],"product_cat":[1198],"product_tag":[2777,2649,689,723,418,129,975,23,426,1061,230,231,1062,1212,1361,712,2505],"class_list":{"0":"post-3389","1":"product","2":"type-product","3":"status-publish","4":"has-post-thumbnail","6":"product_cat-montaj-setleri","7":"product_tag-424128yp1te","8":"product_tag-2649","9":"product_tag-baglanti","10":"product_tag-banyo","11":"product_tag-civata","12":"product_tag-dubel","13":"product_tag-lavabo","14":"product_tag-montaj","15":"product_tag-pul","16":"product_tag-seramik","17":"product_tag-set","18":"product_tag-seti","19":"product_tag-setler","20":"product_tag-setleri","21":"product_tag-urun","22":"product_tag-urunler","23":"product_tag-urunleri","25":"first","26":"outofstock","27":"shipping-taxable","28":"product-type-simple"},"jetpack_sharing_enabled":true,"_links":{"self":[{"href":"https:\/\/artemavitra.com\/index.php\/wp-json\/wp\/v2\/product\/3389","targetHints":{"allow":["GET"]}}],"collection":[{"href":"https:\/\/artemavitra.com\/index.php\/wp-json\/wp\/v2\/product"}],"about":[{"href":"https:\/\/artemavitra.com\/index.php\/wp-json\/wp\/v2\/types\/product"}],"replies":[{"embeddable":true,"href":"https:\/\/artemavitra.com\/index.php\/wp-json\/wp\/v2\/comments?post=3389"}],"version-history":[{"count":1,"href":"https:\/\/artemavitra.com\/index.php\/wp-json\/wp\/v2\/product\/3389\/revisions"}],"predecessor-version":[{"id":3391,"href":"https:\/\/artemavitra.com\/index.php\/wp-json\/wp\/v2\/product\/3389\/revisions\/3391"}],"wp:featuredmedia":[{"embeddable":true,"href":"https:\/\/artemavitra.com\/index.php\/wp-json\/wp\/v2\/media\/3390"}],"wp:attachment":[{"href":"https:\/\/artemavitra.com\/index.php\/wp-json\/wp\/v2\/media?parent=3389"}],"wp:term":[{"taxonomy":"product_brand","embeddable":true,"href":"https:\/\/artemavitra.com\/index.php\/wp-json\/wp\/v2\/product_brand?post=3389"},{"taxonomy":"product_cat","embeddable":true,"href":"https:\/\/artemavitra.com\/index.php\/wp-json\/wp\/v2\/product_cat?post=3389"},{"taxonomy":"product_tag","embeddable":true,"href":"https:\/\/artemavitra.com\/index.php\/wp-json\/wp\/v2\/product_tag?post=3389"}],"curies":[{"name":"wp","href":"https:\/\/api.w.org\/{rel}","templated":true}]}}