{"id":3411,"date":"2019-12-27T13:47:38","date_gmt":"2019-12-27T10:47:38","guid":{"rendered":"http:\/\/artemavitra.com\/?post_type=product&#038;p=3411"},"modified":"2024-07-22T15:29:29","modified_gmt":"2024-07-22T12:29:29","slug":"plastik-tapa-424101yp1te","status":"publish","type":"product","link":"https:\/\/artemavitra.com\/index.php\/urun\/plastik-tapa-424101yp1te\/","title":{"rendered":"Plastik tapa (424101YP1TE)"},"content":{"rendered":"<p>Krom kapl\u0131<br \/>\nDuvara tam dayal\u0131 klozetlerin yan su giri\u015f delikleri i\u00e7in<br \/>\n4015-4035-4164-4300-4304-4330-4331-4395-4470-5032-5033-<br \/>\n5038-5140-5141-5161-5162-5210-5238-5262-5263-564-5322-<br \/>\n5323-5332-5347-5369-5385-5388-5390-5422-5427-5469-5512-<br \/>\n5514-5520-5540-5677-5746-5780-5782-5288-5818-5912-5913-<br \/>\n6211-6222-6224-6414-6573-6656-6686-6991-6992<\/p>\n","protected":false},"excerpt":{"rendered":"<p>Krom kapl\u0131 Duvara tam dayal\u0131 klozetlerin yan su giri\u015f delikleri i\u00e7in 4015-4035-4164-4300-4304-4330-4331-4395-4470-5032-5033- 5038-5140-5141-5161-5162-5210-5238-5262-5263-564-5322- 5323-5332-5347-5369-5385-5388-5390-5422-5427-5469-5512- 5514-5520-5540-5677-5746-5780-5782-5288-5818-5912-5913- 6211-6222-6224-6414-6573-6656-6686-6991-6992<\/p>\n","protected":false},"featured_media":3412,"comment_status":"open","ping_status":"closed","template":"","meta":[],"product_brand":[],"product_cat":[1198],"product_tag":[2804,1174,2805,2801,1189,2806,1085,2807,2808,2809,1175,2810,2811,1157,2812,1176,2813,1178,2814,2815,2816,2831,2817,2818,2819,2820,2821,2822,2823,2824,2825,2826,2827,1096,2828,2695,1097,1961,1099,1281,2829,2830,2832,2833,2834,2835,1150,1169,2836,2711,2837,2838,2839,2840,723,2531,2803,1589,629,166,421,2802,160,23,26,1061,230,1062,1212,568,2495,363,1361,712,2505,530],"class_list":{"0":"post-3411","1":"product","2":"type-product","3":"status-publish","4":"has-post-thumbnail","6":"product_cat-montaj-setleri","7":"product_tag-2804","8":"product_tag-1174","9":"product_tag-2805","10":"product_tag-424101yp1te","11":"product_tag-1189","12":"product_tag-2806","13":"product_tag-1085","14":"product_tag-2807","15":"product_tag-2808","16":"product_tag-2809","17":"product_tag-1175","18":"product_tag-2810","19":"product_tag-2811","20":"product_tag-1157","21":"product_tag-2812","22":"product_tag-1176","23":"product_tag-2813","24":"product_tag-1178","25":"product_tag-2814","26":"product_tag-2815","27":"product_tag-2816","28":"product_tag-2831","29":"product_tag-2817","30":"product_tag-2818","31":"product_tag-2819","32":"product_tag-2820","33":"product_tag-2821","34":"product_tag-2822","35":"product_tag-2823","36":"product_tag-2824","37":"product_tag-2825","38":"product_tag-2826","39":"product_tag-2827","40":"product_tag-1096","41":"product_tag-2828","42":"product_tag-2695","43":"product_tag-1097","44":"product_tag-1961","45":"product_tag-1099","46":"product_tag-1281","47":"product_tag-2829","48":"product_tag-2830","49":"product_tag-2832","50":"product_tag-2833","51":"product_tag-2834","52":"product_tag-2835","53":"product_tag-1150","54":"product_tag-1169","55":"product_tag-2836","56":"product_tag-2711","57":"product_tag-2837","58":"product_tag-2838","59":"product_tag-2839","60":"product_tag-2840","61":"product_tag-banyo","62":"product_tag-dayali","63":"product_tag-delikleri","64":"product_tag-duvara","65":"product_tag-giris","66":"product_tag-icin","67":"product_tag-kapli","68":"product_tag-klozetlerin","69":"product_tag-krom","70":"product_tag-montaj","71":"product_tag-plastik","72":"product_tag-seramik","73":"product_tag-set","74":"product_tag-setler","75":"product_tag-setleri","76":"product_tag-su","77":"product_tag-tam","78":"product_tag-tapa","79":"product_tag-urun","80":"product_tag-urunler","81":"product_tag-urunleri","82":"product_tag-yan","84":"first","85":"outofstock","86":"shipping-taxable","87":"product-type-simple"},"jetpack_sharing_enabled":true,"_links":{"self":[{"href":"https:\/\/artemavitra.com\/index.php\/wp-json\/wp\/v2\/product\/3411","targetHints":{"allow":["GET"]}}],"collection":[{"href":"https:\/\/artemavitra.com\/index.php\/wp-json\/wp\/v2\/product"}],"about":[{"href":"https:\/\/artemavitra.com\/index.php\/wp-json\/wp\/v2\/types\/product"}],"replies":[{"embeddable":true,"href":"https:\/\/artemavitra.com\/index.php\/wp-json\/wp\/v2\/comments?post=3411"}],"version-history":[{"count":5,"href":"https:\/\/artemavitra.com\/index.php\/wp-json\/wp\/v2\/product\/3411\/revisions"}],"predecessor-version":[{"id":4590,"href":"https:\/\/artemavitra.com\/index.php\/wp-json\/wp\/v2\/product\/3411\/revisions\/4590"}],"wp:featuredmedia":[{"embeddable":true,"href":"https:\/\/artemavitra.com\/index.php\/wp-json\/wp\/v2\/media\/3412"}],"wp:attachment":[{"href":"https:\/\/artemavitra.com\/index.php\/wp-json\/wp\/v2\/media?parent=3411"}],"wp:term":[{"taxonomy":"product_brand","embeddable":true,"href":"https:\/\/artemavitra.com\/index.php\/wp-json\/wp\/v2\/product_brand?post=3411"},{"taxonomy":"product_cat","embeddable":true,"href":"https:\/\/artemavitra.com\/index.php\/wp-json\/wp\/v2\/product_cat?post=3411"},{"taxonomy":"product_tag","embeddable":true,"href":"https:\/\/artemavitra.com\/index.php\/wp-json\/wp\/v2\/product_tag?post=3411"}],"curies":[{"name":"wp","href":"https:\/\/api.w.org\/{rel}","templated":true}]}}