{"id":3414,"date":"2019-12-27T13:49:28","date_gmt":"2019-12-27T10:49:28","guid":{"rendered":"http:\/\/artemavitra.com\/?post_type=product&#038;p=3414"},"modified":"2024-07-22T15:29:28","modified_gmt":"2024-07-22T12:29:28","slug":"lavabo-su-tasma-yuzugu-311176yp1te","status":"publish","type":"product","link":"https:\/\/artemavitra.com\/index.php\/urun\/lavabo-su-tasma-yuzugu-311176yp1te\/","title":{"rendered":"Lavabo su ta\u015fma y\u00fcz\u00fc\u011f\u00fc (311176YP1TE)"},"content":{"rendered":"<p>Yeni tip<\/p>\n","protected":false},"excerpt":{"rendered":"<p>Yeni tip<\/p>\n","protected":false},"featured_media":3415,"comment_status":"open","ping_status":"closed","template":"","meta":[],"product_brand":[],"product_cat":[1198],"product_tag":[2841,723,975,23,1061,230,1062,1212,568,1536,145,1361,712,2505,159,1466],"class_list":{"0":"post-3414","1":"product","2":"type-product","3":"status-publish","4":"has-post-thumbnail","6":"product_cat-montaj-setleri","7":"product_tag-311176yp1te","8":"product_tag-banyo","9":"product_tag-lavabo","10":"product_tag-montaj","11":"product_tag-seramik","12":"product_tag-set","13":"product_tag-setler","14":"product_tag-setleri","15":"product_tag-su","16":"product_tag-tasma","17":"product_tag-tip","18":"product_tag-urun","19":"product_tag-urunler","20":"product_tag-urunleri","21":"product_tag-yeni","22":"product_tag-yuzugu","24":"first","25":"outofstock","26":"shipping-taxable","27":"product-type-simple"},"jetpack_sharing_enabled":true,"_links":{"self":[{"href":"https:\/\/artemavitra.com\/index.php\/wp-json\/wp\/v2\/product\/3414","targetHints":{"allow":["GET"]}}],"collection":[{"href":"https:\/\/artemavitra.com\/index.php\/wp-json\/wp\/v2\/product"}],"about":[{"href":"https:\/\/artemavitra.com\/index.php\/wp-json\/wp\/v2\/types\/product"}],"replies":[{"embeddable":true,"href":"https:\/\/artemavitra.com\/index.php\/wp-json\/wp\/v2\/comments?post=3414"}],"version-history":[{"count":1,"href":"https:\/\/artemavitra.com\/index.php\/wp-json\/wp\/v2\/product\/3414\/revisions"}],"predecessor-version":[{"id":3416,"href":"https:\/\/artemavitra.com\/index.php\/wp-json\/wp\/v2\/product\/3414\/revisions\/3416"}],"wp:featuredmedia":[{"embeddable":true,"href":"https:\/\/artemavitra.com\/index.php\/wp-json\/wp\/v2\/media\/3415"}],"wp:attachment":[{"href":"https:\/\/artemavitra.com\/index.php\/wp-json\/wp\/v2\/media?parent=3414"}],"wp:term":[{"taxonomy":"product_brand","embeddable":true,"href":"https:\/\/artemavitra.com\/index.php\/wp-json\/wp\/v2\/product_brand?post=3414"},{"taxonomy":"product_cat","embeddable":true,"href":"https:\/\/artemavitra.com\/index.php\/wp-json\/wp\/v2\/product_cat?post=3414"},{"taxonomy":"product_tag","embeddable":true,"href":"https:\/\/artemavitra.com\/index.php\/wp-json\/wp\/v2\/product_tag?post=3414"}],"curies":[{"name":"wp","href":"https:\/\/api.w.org\/{rel}","templated":true}]}}