{"id":3431,"date":"2019-12-27T14:05:08","date_gmt":"2019-12-27T11:05:08","guid":{"rendered":"http:\/\/artemavitra.com\/?post_type=product&#038;p=3431"},"modified":"2024-07-22T15:29:23","modified_gmt":"2024-07-22T12:29:23","slug":"lavabo-su-tasma-yuzugu-311059yp1te","status":"publish","type":"product","link":"https:\/\/artemavitra.com\/index.php\/urun\/lavabo-su-tasma-yuzugu-311059yp1te\/","title":{"rendered":"Lavabo su ta\u015fma y\u00fcz\u00fc\u011f\u00fc (311059YP1TE)"},"content":{"rendered":"","protected":false},"excerpt":{"rendered":"","protected":false},"featured_media":3432,"comment_status":"open","ping_status":"closed","template":"","meta":[],"product_brand":[],"product_cat":[1198],"product_tag":[2935,723,975,23,1061,230,1062,1212,568,1536,1361,712,2505,1466],"class_list":{"0":"post-3431","1":"product","2":"type-product","3":"status-publish","4":"has-post-thumbnail","6":"product_cat-montaj-setleri","7":"product_tag-311059yp1te","8":"product_tag-banyo","9":"product_tag-lavabo","10":"product_tag-montaj","11":"product_tag-seramik","12":"product_tag-set","13":"product_tag-setler","14":"product_tag-setleri","15":"product_tag-su","16":"product_tag-tasma","17":"product_tag-urun","18":"product_tag-urunler","19":"product_tag-urunleri","20":"product_tag-yuzugu","22":"first","23":"outofstock","24":"shipping-taxable","25":"product-type-simple"},"jetpack_sharing_enabled":true,"_links":{"self":[{"href":"https:\/\/artemavitra.com\/index.php\/wp-json\/wp\/v2\/product\/3431","targetHints":{"allow":["GET"]}}],"collection":[{"href":"https:\/\/artemavitra.com\/index.php\/wp-json\/wp\/v2\/product"}],"about":[{"href":"https:\/\/artemavitra.com\/index.php\/wp-json\/wp\/v2\/types\/product"}],"replies":[{"embeddable":true,"href":"https:\/\/artemavitra.com\/index.php\/wp-json\/wp\/v2\/comments?post=3431"}],"version-history":[{"count":1,"href":"https:\/\/artemavitra.com\/index.php\/wp-json\/wp\/v2\/product\/3431\/revisions"}],"predecessor-version":[{"id":3433,"href":"https:\/\/artemavitra.com\/index.php\/wp-json\/wp\/v2\/product\/3431\/revisions\/3433"}],"wp:featuredmedia":[{"embeddable":true,"href":"https:\/\/artemavitra.com\/index.php\/wp-json\/wp\/v2\/media\/3432"}],"wp:attachment":[{"href":"https:\/\/artemavitra.com\/index.php\/wp-json\/wp\/v2\/media?parent=3431"}],"wp:term":[{"taxonomy":"product_brand","embeddable":true,"href":"https:\/\/artemavitra.com\/index.php\/wp-json\/wp\/v2\/product_brand?post=3431"},{"taxonomy":"product_cat","embeddable":true,"href":"https:\/\/artemavitra.com\/index.php\/wp-json\/wp\/v2\/product_cat?post=3431"},{"taxonomy":"product_tag","embeddable":true,"href":"https:\/\/artemavitra.com\/index.php\/wp-json\/wp\/v2\/product_tag?post=3431"}],"curies":[{"name":"wp","href":"https:\/\/api.w.org\/{rel}","templated":true}]}}