{"id":368,"date":"2019-12-13T13:59:23","date_gmt":"2019-12-13T10:59:23","guid":{"rendered":"http:\/\/artemavitra.com\/?post_type=product&#038;p=368"},"modified":"2024-07-22T15:48:01","modified_gmt":"2024-07-22T12:48:01","slug":"klozet-kapak-mentesesi-313941yp1te","status":"publish","type":"product","link":"https:\/\/artemavitra.com\/index.php\/urun\/klozet-kapak-mentesesi-313941yp1te\/","title":{"rendered":"Klozet kapak mente\u015fesi (313941YP1TE)"},"content":{"rendered":"<p>Metal-alttan s\u0131kmal\u0131<br \/>\n115 seat<\/p>\n","protected":false},"excerpt":{"rendered":"<p>Metal-alttan s\u0131kmal\u0131 115 seat<\/p>\n","protected":false},"featured_media":369,"comment_status":"open","ping_status":"closed","template":"","meta":[],"product_brand":[],"product_cat":[18],"product_tag":[284,488,46,47,22,21,20,38,39,33,489,230,49],"class_list":{"0":"post-368","1":"product","2":"type-product","3":"status-publish","4":"has-post-thumbnail","6":"product_cat-klozet-kapaklari","7":"product_tag-284","8":"product_tag-313941yp1te","9":"product_tag-alt","10":"product_tag-alttan","11":"product_tag-kapagi","12":"product_tag-kapak","13":"product_tag-klozet","14":"product_tag-mentese","15":"product_tag-mentesesi","16":"product_tag-metal","17":"product_tag-seat","18":"product_tag-set","19":"product_tag-sikmali","21":"first","22":"outofstock","23":"shipping-taxable","24":"product-type-simple"},"jetpack_sharing_enabled":true,"_links":{"self":[{"href":"https:\/\/artemavitra.com\/index.php\/wp-json\/wp\/v2\/product\/368","targetHints":{"allow":["GET"]}}],"collection":[{"href":"https:\/\/artemavitra.com\/index.php\/wp-json\/wp\/v2\/product"}],"about":[{"href":"https:\/\/artemavitra.com\/index.php\/wp-json\/wp\/v2\/types\/product"}],"replies":[{"embeddable":true,"href":"https:\/\/artemavitra.com\/index.php\/wp-json\/wp\/v2\/comments?post=368"}],"version-history":[{"count":1,"href":"https:\/\/artemavitra.com\/index.php\/wp-json\/wp\/v2\/product\/368\/revisions"}],"predecessor-version":[{"id":4865,"href":"https:\/\/artemavitra.com\/index.php\/wp-json\/wp\/v2\/product\/368\/revisions\/4865"}],"wp:featuredmedia":[{"embeddable":true,"href":"https:\/\/artemavitra.com\/index.php\/wp-json\/wp\/v2\/media\/369"}],"wp:attachment":[{"href":"https:\/\/artemavitra.com\/index.php\/wp-json\/wp\/v2\/media?parent=368"}],"wp:term":[{"taxonomy":"product_brand","embeddable":true,"href":"https:\/\/artemavitra.com\/index.php\/wp-json\/wp\/v2\/product_brand?post=368"},{"taxonomy":"product_cat","embeddable":true,"href":"https:\/\/artemavitra.com\/index.php\/wp-json\/wp\/v2\/product_cat?post=368"},{"taxonomy":"product_tag","embeddable":true,"href":"https:\/\/artemavitra.com\/index.php\/wp-json\/wp\/v2\/product_tag?post=368"}],"curies":[{"name":"wp","href":"https:\/\/api.w.org\/{rel}","templated":true}]}}