{"id":372,"date":"2019-12-13T14:02:04","date_gmt":"2019-12-13T11:02:04","guid":{"rendered":"http:\/\/artemavitra.com\/?post_type=product&#038;p=372"},"modified":"2024-07-22T15:47:59","modified_gmt":"2024-07-22T12:47:59","slug":"bedensel-engelli-klozet-kapagi-mentesesi-313943yp1te","status":"publish","type":"product","link":"https:\/\/artemavitra.com\/index.php\/urun\/bedensel-engelli-klozet-kapagi-mentesesi-313943yp1te\/","title":{"rendered":"Bedensel engelli klozet kapa\u011f\u0131 mente\u015fesi (313943YP1TE)"},"content":{"rendered":"<p>Metal-alttan s\u0131kmal\u0131<br \/>\n115-XXX-506<\/p>\n","protected":false},"excerpt":{"rendered":"<p>Metal-alttan s\u0131kmal\u0131 115-XXX-506<\/p>\n","protected":false},"featured_media":373,"comment_status":"open","ping_status":"closed","template":"","meta":[],"product_brand":[],"product_cat":[18],"product_tag":[284,491,492,46,47,122,124,22,21,20,38,39,33,49,117],"class_list":{"0":"post-372","1":"product","2":"type-product","3":"status-publish","4":"has-post-thumbnail","6":"product_cat-klozet-kapaklari","7":"product_tag-284","8":"product_tag-313943yp1te","9":"product_tag-492","10":"product_tag-alt","11":"product_tag-alttan","12":"product_tag-bedensel","13":"product_tag-engelli","14":"product_tag-kapagi","15":"product_tag-kapak","16":"product_tag-klozet","17":"product_tag-mentese","18":"product_tag-mentesesi","19":"product_tag-metal","20":"product_tag-sikmali","21":"product_tag-xxx","23":"first","24":"outofstock","25":"shipping-taxable","26":"product-type-simple"},"jetpack_sharing_enabled":true,"_links":{"self":[{"href":"https:\/\/artemavitra.com\/index.php\/wp-json\/wp\/v2\/product\/372","targetHints":{"allow":["GET"]}}],"collection":[{"href":"https:\/\/artemavitra.com\/index.php\/wp-json\/wp\/v2\/product"}],"about":[{"href":"https:\/\/artemavitra.com\/index.php\/wp-json\/wp\/v2\/types\/product"}],"replies":[{"embeddable":true,"href":"https:\/\/artemavitra.com\/index.php\/wp-json\/wp\/v2\/comments?post=372"}],"version-history":[{"count":1,"href":"https:\/\/artemavitra.com\/index.php\/wp-json\/wp\/v2\/product\/372\/revisions"}],"predecessor-version":[{"id":4863,"href":"https:\/\/artemavitra.com\/index.php\/wp-json\/wp\/v2\/product\/372\/revisions\/4863"}],"wp:featuredmedia":[{"embeddable":true,"href":"https:\/\/artemavitra.com\/index.php\/wp-json\/wp\/v2\/media\/373"}],"wp:attachment":[{"href":"https:\/\/artemavitra.com\/index.php\/wp-json\/wp\/v2\/media?parent=372"}],"wp:term":[{"taxonomy":"product_brand","embeddable":true,"href":"https:\/\/artemavitra.com\/index.php\/wp-json\/wp\/v2\/product_brand?post=372"},{"taxonomy":"product_cat","embeddable":true,"href":"https:\/\/artemavitra.com\/index.php\/wp-json\/wp\/v2\/product_cat?post=372"},{"taxonomy":"product_tag","embeddable":true,"href":"https:\/\/artemavitra.com\/index.php\/wp-json\/wp\/v2\/product_tag?post=372"}],"curies":[{"name":"wp","href":"https:\/\/api.w.org\/{rel}","templated":true}]}}