{"id":374,"date":"2019-12-13T14:03:16","date_gmt":"2019-12-13T11:03:16","guid":{"rendered":"http:\/\/artemavitra.com\/?post_type=product&#038;p=374"},"modified":"2024-07-22T15:47:57","modified_gmt":"2024-07-22T12:47:57","slug":"bedensel-engelli-klozet-kapagi-mentesesi-313944yp1te","status":"publish","type":"product","link":"https:\/\/artemavitra.com\/index.php\/urun\/bedensel-engelli-klozet-kapagi-mentesesi-313944yp1te\/","title":{"rendered":"Bedensel engelli klozet kapa\u011f\u0131 mente\u015fesi (313944YP1TE)"},"content":{"rendered":"<p>115-XXX-006 sadece alt kapak<\/p>\n","protected":false},"excerpt":{"rendered":"<p>115-XXX-006 sadece alt kapak<\/p>\n","protected":false},"featured_media":375,"comment_status":"open","ping_status":"closed","template":"","meta":[],"product_brand":[],"product_cat":[18],"product_tag":[495,284,493,46,122,124,22,21,38,39,354,494,117],"class_list":{"0":"post-374","1":"product","2":"type-product","3":"status-publish","4":"has-post-thumbnail","6":"product_cat-klozet-kapaklari","7":"product_tag-495","8":"product_tag-284","9":"product_tag-313944yp1te","10":"product_tag-alt","11":"product_tag-bedensel","12":"product_tag-engelli","13":"product_tag-kapagi","14":"product_tag-kapak","15":"product_tag-mentese","16":"product_tag-mentesesi","17":"product_tag-sadece","18":"product_tag-xx","19":"product_tag-xxx","21":"first","22":"outofstock","23":"shipping-taxable","24":"product-type-simple"},"jetpack_sharing_enabled":true,"_links":{"self":[{"href":"https:\/\/artemavitra.com\/index.php\/wp-json\/wp\/v2\/product\/374","targetHints":{"allow":["GET"]}}],"collection":[{"href":"https:\/\/artemavitra.com\/index.php\/wp-json\/wp\/v2\/product"}],"about":[{"href":"https:\/\/artemavitra.com\/index.php\/wp-json\/wp\/v2\/types\/product"}],"replies":[{"embeddable":true,"href":"https:\/\/artemavitra.com\/index.php\/wp-json\/wp\/v2\/comments?post=374"}],"version-history":[{"count":1,"href":"https:\/\/artemavitra.com\/index.php\/wp-json\/wp\/v2\/product\/374\/revisions"}],"predecessor-version":[{"id":4862,"href":"https:\/\/artemavitra.com\/index.php\/wp-json\/wp\/v2\/product\/374\/revisions\/4862"}],"wp:featuredmedia":[{"embeddable":true,"href":"https:\/\/artemavitra.com\/index.php\/wp-json\/wp\/v2\/media\/375"}],"wp:attachment":[{"href":"https:\/\/artemavitra.com\/index.php\/wp-json\/wp\/v2\/media?parent=374"}],"wp:term":[{"taxonomy":"product_brand","embeddable":true,"href":"https:\/\/artemavitra.com\/index.php\/wp-json\/wp\/v2\/product_brand?post=374"},{"taxonomy":"product_cat","embeddable":true,"href":"https:\/\/artemavitra.com\/index.php\/wp-json\/wp\/v2\/product_cat?post=374"},{"taxonomy":"product_tag","embeddable":true,"href":"https:\/\/artemavitra.com\/index.php\/wp-json\/wp\/v2\/product_tag?post=374"}],"curies":[{"name":"wp","href":"https:\/\/api.w.org\/{rel}","templated":true}]}}