{"id":380,"date":"2019-12-13T14:06:52","date_gmt":"2019-12-13T11:06:52","guid":{"rendered":"http:\/\/artemavitra.com\/?post_type=product&#038;p=380"},"modified":"2024-07-22T15:47:54","modified_gmt":"2024-07-22T12:47:54","slug":"mentese-seti-316014yp1te","status":"publish","type":"product","link":"https:\/\/artemavitra.com\/index.php\/urun\/mentese-seti-316014yp1te\/","title":{"rendered":"Mente\u015fe seti (316014YP1TE)"},"content":{"rendered":"<p>Metal-\u00fcstten s\u0131kmal\u0131<br \/>\n72-XXX-311, 74-XXX-311, 77-XXX-311<\/p>\n","protected":false},"excerpt":{"rendered":"<p>Metal-\u00fcstten s\u0131kmal\u0131 72-XXX-311, 74-XXX-311, 77-XXX-311<\/p>\n","protected":false},"featured_media":381,"comment_status":"open","ping_status":"closed","template":"","meta":[],"product_brand":[],"product_cat":[18],"product_tag":[498,499,79,80,83,22,21,20,38,39,33,49,54,55,117],"class_list":{"0":"post-380","1":"product","2":"type-product","3":"status-publish","4":"has-post-thumbnail","6":"product_cat-klozet-kapaklari","7":"product_tag-498","8":"product_tag-316014yp1te","9":"product_tag-79","10":"product_tag-80","11":"product_tag-83","12":"product_tag-kapagi","13":"product_tag-kapak","14":"product_tag-klozet","15":"product_tag-mentese","16":"product_tag-mentesesi","17":"product_tag-metal","18":"product_tag-sikmali","19":"product_tag-ust","20":"product_tag-ustten","21":"product_tag-xxx","23":"first","24":"outofstock","25":"shipping-taxable","26":"product-type-simple"},"jetpack_sharing_enabled":true,"_links":{"self":[{"href":"https:\/\/artemavitra.com\/index.php\/wp-json\/wp\/v2\/product\/380","targetHints":{"allow":["GET"]}}],"collection":[{"href":"https:\/\/artemavitra.com\/index.php\/wp-json\/wp\/v2\/product"}],"about":[{"href":"https:\/\/artemavitra.com\/index.php\/wp-json\/wp\/v2\/types\/product"}],"replies":[{"embeddable":true,"href":"https:\/\/artemavitra.com\/index.php\/wp-json\/wp\/v2\/comments?post=380"}],"version-history":[{"count":1,"href":"https:\/\/artemavitra.com\/index.php\/wp-json\/wp\/v2\/product\/380\/revisions"}],"predecessor-version":[{"id":4859,"href":"https:\/\/artemavitra.com\/index.php\/wp-json\/wp\/v2\/product\/380\/revisions\/4859"}],"wp:featuredmedia":[{"embeddable":true,"href":"https:\/\/artemavitra.com\/index.php\/wp-json\/wp\/v2\/media\/381"}],"wp:attachment":[{"href":"https:\/\/artemavitra.com\/index.php\/wp-json\/wp\/v2\/media?parent=380"}],"wp:term":[{"taxonomy":"product_brand","embeddable":true,"href":"https:\/\/artemavitra.com\/index.php\/wp-json\/wp\/v2\/product_brand?post=380"},{"taxonomy":"product_cat","embeddable":true,"href":"https:\/\/artemavitra.com\/index.php\/wp-json\/wp\/v2\/product_cat?post=380"},{"taxonomy":"product_tag","embeddable":true,"href":"https:\/\/artemavitra.com\/index.php\/wp-json\/wp\/v2\/product_tag?post=380"}],"curies":[{"name":"wp","href":"https:\/\/api.w.org\/{rel}","templated":true}]}}