{"id":428,"date":"2019-12-13T14:35:35","date_gmt":"2019-12-13T11:35:35","guid":{"rendered":"http:\/\/artemavitra.com\/?post_type=product&#038;p=428"},"modified":"2024-07-22T15:47:23","modified_gmt":"2024-07-22T12:47:23","slug":"alt-kapak-damper-konumlandirici-315250yp1te","status":"publish","type":"product","link":"https:\/\/artemavitra.com\/index.php\/urun\/alt-kapak-damper-konumlandirici-315250yp1te\/","title":{"rendered":"Alt kapak damper konumland\u0131r\u0131c\u0131 (315250YP1TE)"},"content":{"rendered":"","protected":false},"excerpt":{"rendered":"","protected":false},"featured_media":429,"comment_status":"open","ping_status":"closed","template":"","meta":[],"product_brand":[],"product_cat":[18],"product_tag":[547,46,151,21,548,549],"class_list":{"0":"post-428","1":"product","2":"type-product","3":"status-publish","4":"has-post-thumbnail","6":"product_cat-klozet-kapaklari","7":"product_tag-315250yp1te","8":"product_tag-alt","9":"product_tag-damper","10":"product_tag-kapak","11":"product_tag-konum","12":"product_tag-konumlandirici","14":"first","15":"outofstock","16":"shipping-taxable","17":"product-type-simple"},"jetpack_sharing_enabled":true,"_links":{"self":[{"href":"https:\/\/artemavitra.com\/index.php\/wp-json\/wp\/v2\/product\/428","targetHints":{"allow":["GET"]}}],"collection":[{"href":"https:\/\/artemavitra.com\/index.php\/wp-json\/wp\/v2\/product"}],"about":[{"href":"https:\/\/artemavitra.com\/index.php\/wp-json\/wp\/v2\/types\/product"}],"replies":[{"embeddable":true,"href":"https:\/\/artemavitra.com\/index.php\/wp-json\/wp\/v2\/comments?post=428"}],"version-history":[{"count":1,"href":"https:\/\/artemavitra.com\/index.php\/wp-json\/wp\/v2\/product\/428\/revisions"}],"predecessor-version":[{"id":4835,"href":"https:\/\/artemavitra.com\/index.php\/wp-json\/wp\/v2\/product\/428\/revisions\/4835"}],"wp:featuredmedia":[{"embeddable":true,"href":"https:\/\/artemavitra.com\/index.php\/wp-json\/wp\/v2\/media\/429"}],"wp:attachment":[{"href":"https:\/\/artemavitra.com\/index.php\/wp-json\/wp\/v2\/media?parent=428"}],"wp:term":[{"taxonomy":"product_brand","embeddable":true,"href":"https:\/\/artemavitra.com\/index.php\/wp-json\/wp\/v2\/product_brand?post=428"},{"taxonomy":"product_cat","embeddable":true,"href":"https:\/\/artemavitra.com\/index.php\/wp-json\/wp\/v2\/product_cat?post=428"},{"taxonomy":"product_tag","embeddable":true,"href":"https:\/\/artemavitra.com\/index.php\/wp-json\/wp\/v2\/product_tag?post=428"}],"curies":[{"name":"wp","href":"https:\/\/api.w.org\/{rel}","templated":true}]}}