{"id":446,"date":"2019-12-13T14:45:30","date_gmt":"2019-12-13T11:45:30","guid":{"rendered":"http:\/\/artemavitra.com\/?post_type=product&#038;p=446"},"modified":"2024-07-22T15:47:12","modified_gmt":"2024-07-22T12:47:12","slug":"akis-vanasi-grubu-315259yp1te","status":"publish","type":"product","link":"https:\/\/artemavitra.com\/index.php\/urun\/akis-vanasi-grubu-315259yp1te\/","title":{"rendered":"Ak\u0131\u015f vanas\u0131 grubu (315259YP1TE)"},"content":{"rendered":"","protected":false},"excerpt":{"rendered":"","protected":false},"featured_media":447,"comment_status":"open","ping_status":"closed","template":"","meta":[],"product_brand":[],"product_cat":[18],"product_tag":[571,572,524,525,22,21,20,38,39,573,574],"class_list":{"0":"post-446","1":"product","2":"type-product","3":"status-publish","4":"has-post-thumbnail","6":"product_cat-klozet-kapaklari","7":"product_tag-315259yp1te","8":"product_tag-akis","9":"product_tag-grubu","10":"product_tag-grup","11":"product_tag-kapagi","12":"product_tag-kapak","13":"product_tag-klozet","14":"product_tag-mentese","15":"product_tag-mentesesi","16":"product_tag-vana","17":"product_tag-vanasi","19":"first","20":"outofstock","21":"shipping-taxable","22":"product-type-simple"},"jetpack_sharing_enabled":true,"_links":{"self":[{"href":"https:\/\/artemavitra.com\/index.php\/wp-json\/wp\/v2\/product\/446","targetHints":{"allow":["GET"]}}],"collection":[{"href":"https:\/\/artemavitra.com\/index.php\/wp-json\/wp\/v2\/product"}],"about":[{"href":"https:\/\/artemavitra.com\/index.php\/wp-json\/wp\/v2\/types\/product"}],"replies":[{"embeddable":true,"href":"https:\/\/artemavitra.com\/index.php\/wp-json\/wp\/v2\/comments?post=446"}],"version-history":[{"count":1,"href":"https:\/\/artemavitra.com\/index.php\/wp-json\/wp\/v2\/product\/446\/revisions"}],"predecessor-version":[{"id":4826,"href":"https:\/\/artemavitra.com\/index.php\/wp-json\/wp\/v2\/product\/446\/revisions\/4826"}],"wp:featuredmedia":[{"embeddable":true,"href":"https:\/\/artemavitra.com\/index.php\/wp-json\/wp\/v2\/media\/447"}],"wp:attachment":[{"href":"https:\/\/artemavitra.com\/index.php\/wp-json\/wp\/v2\/media?parent=446"}],"wp:term":[{"taxonomy":"product_brand","embeddable":true,"href":"https:\/\/artemavitra.com\/index.php\/wp-json\/wp\/v2\/product_brand?post=446"},{"taxonomy":"product_cat","embeddable":true,"href":"https:\/\/artemavitra.com\/index.php\/wp-json\/wp\/v2\/product_cat?post=446"},{"taxonomy":"product_tag","embeddable":true,"href":"https:\/\/artemavitra.com\/index.php\/wp-json\/wp\/v2\/product_tag?post=446"}],"curies":[{"name":"wp","href":"https:\/\/api.w.org\/{rel}","templated":true}]}}