{"id":461,"date":"2019-12-13T15:00:48","date_gmt":"2019-12-13T12:00:48","guid":{"rendered":"http:\/\/artemavitra.com\/?post_type=product&#038;p=461"},"modified":"2024-07-22T15:47:03","modified_gmt":"2024-07-22T12:47:03","slug":"taharet-muslugu-modulu-grubu-315266yp1te","status":"publish","type":"product","link":"https:\/\/artemavitra.com\/index.php\/urun\/taharet-muslugu-modulu-grubu-315266yp1te\/","title":{"rendered":"Taharet muslu\u011fu mod\u00fcl\u00fc grubu (315266YP1TE)"},"content":{"rendered":"","protected":false},"excerpt":{"rendered":"","protected":false},"featured_media":462,"comment_status":"open","ping_status":"closed","template":"","meta":[],"product_brand":[],"product_cat":[18],"product_tag":[591,524,525,22,21,20,38,39,570,594,593,592],"class_list":{"0":"post-461","1":"product","2":"type-product","3":"status-publish","4":"has-post-thumbnail","6":"product_cat-klozet-kapaklari","7":"product_tag-315266yp1te","8":"product_tag-grubu","9":"product_tag-grup","10":"product_tag-kapagi","11":"product_tag-kapak","12":"product_tag-klozet","13":"product_tag-mentese","14":"product_tag-mentesesi","15":"product_tag-modul","16":"product_tag-muslugu","17":"product_tag-musluk","18":"product_tag-taharet","20":"first","21":"outofstock","22":"shipping-taxable","23":"product-type-simple"},"jetpack_sharing_enabled":true,"_links":{"self":[{"href":"https:\/\/artemavitra.com\/index.php\/wp-json\/wp\/v2\/product\/461","targetHints":{"allow":["GET"]}}],"collection":[{"href":"https:\/\/artemavitra.com\/index.php\/wp-json\/wp\/v2\/product"}],"about":[{"href":"https:\/\/artemavitra.com\/index.php\/wp-json\/wp\/v2\/types\/product"}],"replies":[{"embeddable":true,"href":"https:\/\/artemavitra.com\/index.php\/wp-json\/wp\/v2\/comments?post=461"}],"version-history":[{"count":1,"href":"https:\/\/artemavitra.com\/index.php\/wp-json\/wp\/v2\/product\/461\/revisions"}],"predecessor-version":[{"id":4819,"href":"https:\/\/artemavitra.com\/index.php\/wp-json\/wp\/v2\/product\/461\/revisions\/4819"}],"wp:featuredmedia":[{"embeddable":true,"href":"https:\/\/artemavitra.com\/index.php\/wp-json\/wp\/v2\/media\/462"}],"wp:attachment":[{"href":"https:\/\/artemavitra.com\/index.php\/wp-json\/wp\/v2\/media?parent=461"}],"wp:term":[{"taxonomy":"product_brand","embeddable":true,"href":"https:\/\/artemavitra.com\/index.php\/wp-json\/wp\/v2\/product_brand?post=461"},{"taxonomy":"product_cat","embeddable":true,"href":"https:\/\/artemavitra.com\/index.php\/wp-json\/wp\/v2\/product_cat?post=461"},{"taxonomy":"product_tag","embeddable":true,"href":"https:\/\/artemavitra.com\/index.php\/wp-json\/wp\/v2\/product_tag?post=461"}],"curies":[{"name":"wp","href":"https:\/\/api.w.org\/{rel}","templated":true}]}}