{"id":491,"date":"2019-12-13T15:26:50","date_gmt":"2019-12-13T12:26:50","guid":{"rendered":"http:\/\/artemavitra.com\/?post_type=product&#038;p=491"},"modified":"2024-07-22T15:46:44","modified_gmt":"2024-07-22T12:46:44","slug":"sicaklik-sensoru-grubu-315281yp1te","status":"publish","type":"product","link":"https:\/\/artemavitra.com\/index.php\/urun\/sicaklik-sensoru-grubu-315281yp1te\/","title":{"rendered":"S\u0131cakl\u0131k sens\u00f6r\u00fc grubu (315281YP1TE)"},"content":{"rendered":"","protected":false},"excerpt":{"rendered":"","protected":false},"featured_media":492,"comment_status":"open","ping_status":"closed","template":"","meta":[],"product_brand":[],"product_cat":[18],"product_tag":[626,22,21,20,38,39,541,627],"class_list":{"0":"post-491","1":"product","2":"type-product","3":"status-publish","4":"has-post-thumbnail","6":"product_cat-klozet-kapaklari","7":"product_tag-315281yp1te","8":"product_tag-kapagi","9":"product_tag-kapak","10":"product_tag-klozet","11":"product_tag-mentese","12":"product_tag-mentesesi","13":"product_tag-sensor","14":"product_tag-sicaklik","16":"first","17":"outofstock","18":"shipping-taxable","19":"product-type-simple"},"jetpack_sharing_enabled":true,"_links":{"self":[{"href":"https:\/\/artemavitra.com\/index.php\/wp-json\/wp\/v2\/product\/491","targetHints":{"allow":["GET"]}}],"collection":[{"href":"https:\/\/artemavitra.com\/index.php\/wp-json\/wp\/v2\/product"}],"about":[{"href":"https:\/\/artemavitra.com\/index.php\/wp-json\/wp\/v2\/types\/product"}],"replies":[{"embeddable":true,"href":"https:\/\/artemavitra.com\/index.php\/wp-json\/wp\/v2\/comments?post=491"}],"version-history":[{"count":1,"href":"https:\/\/artemavitra.com\/index.php\/wp-json\/wp\/v2\/product\/491\/revisions"}],"predecessor-version":[{"id":4804,"href":"https:\/\/artemavitra.com\/index.php\/wp-json\/wp\/v2\/product\/491\/revisions\/4804"}],"wp:featuredmedia":[{"embeddable":true,"href":"https:\/\/artemavitra.com\/index.php\/wp-json\/wp\/v2\/media\/492"}],"wp:attachment":[{"href":"https:\/\/artemavitra.com\/index.php\/wp-json\/wp\/v2\/media?parent=491"}],"wp:term":[{"taxonomy":"product_brand","embeddable":true,"href":"https:\/\/artemavitra.com\/index.php\/wp-json\/wp\/v2\/product_brand?post=491"},{"taxonomy":"product_cat","embeddable":true,"href":"https:\/\/artemavitra.com\/index.php\/wp-json\/wp\/v2\/product_cat?post=491"},{"taxonomy":"product_tag","embeddable":true,"href":"https:\/\/artemavitra.com\/index.php\/wp-json\/wp\/v2\/product_tag?post=491"}],"curies":[{"name":"wp","href":"https:\/\/api.w.org\/{rel}","templated":true}]}}