{"id":54,"date":"2019-12-12T16:55:10","date_gmt":"2019-12-12T13:55:10","guid":{"rendered":"http:\/\/artemavitra.com\/?post_type=product&#038;p=54"},"modified":"2024-07-22T15:50:06","modified_gmt":"2024-07-22T12:50:06","slug":"klozet-kapak-mentesesi-420717yp1te","status":"publish","type":"product","link":"https:\/\/artemavitra.com\/index.php\/urun\/klozet-kapak-mentesesi-420717yp1te\/","title":{"rendered":"Klozet kapak mente\u015fesi (420717YP1TE)"},"content":{"rendered":"<p>Metal-\u00fcstten s\u0131kmal\u0131 05-09<\/p>\n","protected":false},"excerpt":{"rendered":"<p>Metal-\u00fcstten s\u0131kmal\u0131 05-09<\/p>\n","protected":false},"featured_media":55,"comment_status":"open","ping_status":"closed","template":"","meta":[],"product_brand":[],"product_cat":[18],"product_tag":[50,51,41,53,22,21,20,38,39,48,49,54,55],"class_list":{"0":"post-54","1":"product","2":"type-product","3":"status-publish","4":"has-post-thumbnail","6":"product_cat-klozet-kapaklari","7":"product_tag-50","8":"product_tag-51","9":"product_tag-1-set","10":"product_tag-420717yp1te","11":"product_tag-kapagi","12":"product_tag-kapak","13":"product_tag-klozet","14":"product_tag-mentese","15":"product_tag-mentesesi","16":"product_tag-sikma","17":"product_tag-sikmali","18":"product_tag-ust","19":"product_tag-ustten","21":"first","22":"instock","23":"shipping-taxable","24":"product-type-simple"},"jetpack_sharing_enabled":true,"_links":{"self":[{"href":"https:\/\/artemavitra.com\/index.php\/wp-json\/wp\/v2\/product\/54","targetHints":{"allow":["GET"]}}],"collection":[{"href":"https:\/\/artemavitra.com\/index.php\/wp-json\/wp\/v2\/product"}],"about":[{"href":"https:\/\/artemavitra.com\/index.php\/wp-json\/wp\/v2\/types\/product"}],"replies":[{"embeddable":true,"href":"https:\/\/artemavitra.com\/index.php\/wp-json\/wp\/v2\/comments?post=54"}],"version-history":[{"count":0,"href":"https:\/\/artemavitra.com\/index.php\/wp-json\/wp\/v2\/product\/54\/revisions"}],"wp:featuredmedia":[{"embeddable":true,"href":"https:\/\/artemavitra.com\/index.php\/wp-json\/wp\/v2\/media\/55"}],"wp:attachment":[{"href":"https:\/\/artemavitra.com\/index.php\/wp-json\/wp\/v2\/media?parent=54"}],"wp:term":[{"taxonomy":"product_brand","embeddable":true,"href":"https:\/\/artemavitra.com\/index.php\/wp-json\/wp\/v2\/product_brand?post=54"},{"taxonomy":"product_cat","embeddable":true,"href":"https:\/\/artemavitra.com\/index.php\/wp-json\/wp\/v2\/product_cat?post=54"},{"taxonomy":"product_tag","embeddable":true,"href":"https:\/\/artemavitra.com\/index.php\/wp-json\/wp\/v2\/product_tag?post=54"}],"curies":[{"name":"wp","href":"https:\/\/api.w.org\/{rel}","templated":true}]}}