{"id":56,"date":"2019-12-12T16:59:57","date_gmt":"2019-12-12T13:59:57","guid":{"rendered":"http:\/\/artemavitra.com\/?post_type=product&#038;p=56"},"modified":"2024-07-22T15:50:05","modified_gmt":"2024-07-22T12:50:05","slug":"klozet-kapak-mentesesi-ustten-sabitleme-aparati420250yp1te","status":"publish","type":"product","link":"https:\/\/artemavitra.com\/index.php\/urun\/klozet-kapak-mentesesi-ustten-sabitleme-aparati420250yp1te\/","title":{"rendered":"Klozet kapak mente\u015fesi \u00fcstten sabitleme aparat\u0131 (420250YP1TE)"},"content":{"rendered":"<p>420718 kodlu \u00fcstten sabitleme aparat\u0131 yerine kullan\u0131lacakt\u0131r.<br \/>\nMetal-paslanmaz<br \/>\n05-08-09-18-22-23-25-28-30-32-34-35-38-40-<br \/>\n41-45-48-53-54-55-56-58-59-60-61-72-74-75-76-77-84-85-86-87-<br \/>\n88-89-90-91-94-95-96-97-104-106-108-109-110-117-120-121-<br \/>\n122-123-127<\/p>\n","protected":false},"excerpt":{"rendered":"<p>420718 kodlu \u00fcstten sabitleme aparat\u0131 yerine kullan\u0131lacakt\u0131r. Metal-paslanmaz 05-08-09-18-22-23-25-28-30-32-34-35-38-40- 41-45-48-53-54-55-56-58-59-60-61-72-74-75-76-77-84-85-86-87- 88-89-90-91-94-95-96-97-104-106-108-109-110-117-120-121- 122-123-127<\/p>\n","protected":false},"featured_media":57,"comment_status":"open","ping_status":"closed","template":"","meta":[],"product_brand":[],"product_cat":[18],"product_tag":[50,28,51,96,97,98,99,100,101,102,103,104,105,106,59,60,52,61,62,63,64,65,66,67,30,68,56,69,70,71,72,73,74,75,76,77,78,79,80,81,82,83,84,85,86,87,88,89,90,91,92,93,94,95,24,25,22,21,20,38,39,57,58,54,55],"class_list":{"0":"post-56","1":"product","2":"type-product","3":"status-publish","4":"has-post-thumbnail","6":"product_cat-klozet-kapaklari","7":"product_tag-50","8":"product_tag-28","9":"product_tag-51","10":"product_tag-96","11":"product_tag-97","12":"product_tag-98","13":"product_tag-99","14":"product_tag-100","15":"product_tag-101","16":"product_tag-102","17":"product_tag-103","18":"product_tag-104","19":"product_tag-105","20":"product_tag-106","21":"product_tag-59","22":"product_tag-60","23":"product_tag-52","24":"product_tag-61","25":"product_tag-62","26":"product_tag-63","27":"product_tag-64","28":"product_tag-65","29":"product_tag-66","30":"product_tag-67","31":"product_tag-30","32":"product_tag-68","33":"product_tag-420250yp1te","34":"product_tag-69","35":"product_tag-70","36":"product_tag-71","37":"product_tag-72","38":"product_tag-73","39":"product_tag-74","40":"product_tag-75","41":"product_tag-76","42":"product_tag-77","43":"product_tag-78","44":"product_tag-79","45":"product_tag-80","46":"product_tag-81","47":"product_tag-82","48":"product_tag-83","49":"product_tag-84","50":"product_tag-85","51":"product_tag-86","52":"product_tag-87","53":"product_tag-88","54":"product_tag-89","55":"product_tag-90","56":"product_tag-91","57":"product_tag-92","58":"product_tag-93","59":"product_tag-94","60":"product_tag-95","61":"product_tag-aparat","62":"product_tag-aparati","63":"product_tag-kapagi","64":"product_tag-kapak","65":"product_tag-klozet","66":"product_tag-mentese","67":"product_tag-mentesesi","68":"product_tag-sabit","69":"product_tag-sabitleme","70":"product_tag-ust","71":"product_tag-ustten","73":"first","74":"instock","75":"shipping-taxable","76":"product-type-simple"},"jetpack_sharing_enabled":true,"_links":{"self":[{"href":"https:\/\/artemavitra.com\/index.php\/wp-json\/wp\/v2\/product\/56","targetHints":{"allow":["GET"]}}],"collection":[{"href":"https:\/\/artemavitra.com\/index.php\/wp-json\/wp\/v2\/product"}],"about":[{"href":"https:\/\/artemavitra.com\/index.php\/wp-json\/wp\/v2\/types\/product"}],"replies":[{"embeddable":true,"href":"https:\/\/artemavitra.com\/index.php\/wp-json\/wp\/v2\/comments?post=56"}],"version-history":[{"count":0,"href":"https:\/\/artemavitra.com\/index.php\/wp-json\/wp\/v2\/product\/56\/revisions"}],"wp:featuredmedia":[{"embeddable":true,"href":"https:\/\/artemavitra.com\/index.php\/wp-json\/wp\/v2\/media\/57"}],"wp:attachment":[{"href":"https:\/\/artemavitra.com\/index.php\/wp-json\/wp\/v2\/media?parent=56"}],"wp:term":[{"taxonomy":"product_brand","embeddable":true,"href":"https:\/\/artemavitra.com\/index.php\/wp-json\/wp\/v2\/product_brand?post=56"},{"taxonomy":"product_cat","embeddable":true,"href":"https:\/\/artemavitra.com\/index.php\/wp-json\/wp\/v2\/product_cat?post=56"},{"taxonomy":"product_tag","embeddable":true,"href":"https:\/\/artemavitra.com\/index.php\/wp-json\/wp\/v2\/product_tag?post=56"}],"curies":[{"name":"wp","href":"https:\/\/api.w.org\/{rel}","templated":true}]}}