{"id":567,"date":"2019-12-13T16:47:04","date_gmt":"2019-12-13T13:47:04","guid":{"rendered":"http:\/\/artemavitra.com\/?post_type=product&#038;p=567"},"modified":"2024-07-22T15:46:29","modified_gmt":"2024-07-22T12:46:29","slug":"pisuvar-temiz-su-giris-borusu-ve-adaptor-contasi-424315yp1te","status":"publish","type":"product","link":"https:\/\/artemavitra.com\/index.php\/urun\/pisuvar-temiz-su-giris-borusu-ve-adaptor-contasi-424315yp1te\/","title":{"rendered":"Pisuvar temiz su giri\u015f borusu ve adapt\u00f6r contas\u0131 (424315YP1TE)"},"content":{"rendered":"","protected":false},"excerpt":{"rendered":"","protected":false},"featured_media":568,"comment_status":"open","ping_status":"closed","template":"","meta":[],"product_brand":[],"product_cat":[631],"product_tag":[657,328,272,273,264,659,629,265,138,634,568,658,633],"class_list":{"0":"post-567","1":"product","2":"type-product","3":"status-publish","4":"has-post-thumbnail","6":"product_cat-yikama-sistemleri","7":"product_tag-424315yp1te","8":"product_tag-adaptor","9":"product_tag-boru","10":"product_tag-borusu","11":"product_tag-conta","12":"product_tag-contasi","13":"product_tag-giris","14":"product_tag-jonta","15":"product_tag-pisuvar","16":"product_tag-sistemleri","17":"product_tag-su","18":"product_tag-temiz","19":"product_tag-yikama","21":"first","22":"outofstock","23":"shipping-taxable","24":"product-type-simple"},"jetpack_sharing_enabled":true,"_links":{"self":[{"href":"https:\/\/artemavitra.com\/index.php\/wp-json\/wp\/v2\/product\/567","targetHints":{"allow":["GET"]}}],"collection":[{"href":"https:\/\/artemavitra.com\/index.php\/wp-json\/wp\/v2\/product"}],"about":[{"href":"https:\/\/artemavitra.com\/index.php\/wp-json\/wp\/v2\/types\/product"}],"replies":[{"embeddable":true,"href":"https:\/\/artemavitra.com\/index.php\/wp-json\/wp\/v2\/comments?post=567"}],"version-history":[{"count":1,"href":"https:\/\/artemavitra.com\/index.php\/wp-json\/wp\/v2\/product\/567\/revisions"}],"predecessor-version":[{"id":4795,"href":"https:\/\/artemavitra.com\/index.php\/wp-json\/wp\/v2\/product\/567\/revisions\/4795"}],"wp:featuredmedia":[{"embeddable":true,"href":"https:\/\/artemavitra.com\/index.php\/wp-json\/wp\/v2\/media\/568"}],"wp:attachment":[{"href":"https:\/\/artemavitra.com\/index.php\/wp-json\/wp\/v2\/media?parent=567"}],"wp:term":[{"taxonomy":"product_brand","embeddable":true,"href":"https:\/\/artemavitra.com\/index.php\/wp-json\/wp\/v2\/product_brand?post=567"},{"taxonomy":"product_cat","embeddable":true,"href":"https:\/\/artemavitra.com\/index.php\/wp-json\/wp\/v2\/product_cat?post=567"},{"taxonomy":"product_tag","embeddable":true,"href":"https:\/\/artemavitra.com\/index.php\/wp-json\/wp\/v2\/product_tag?post=567"}],"curies":[{"name":"wp","href":"https:\/\/api.w.org\/{rel}","templated":true}]}}