{"id":571,"date":"2019-12-13T16:55:37","date_gmt":"2019-12-13T13:55:37","guid":{"rendered":"http:\/\/artemavitra.com\/?post_type=product&#038;p=571"},"modified":"2024-07-22T15:46:26","modified_gmt":"2024-07-22T12:46:26","slug":"siva-alti-yikama-sistemi-govde-kutusu-431560yp1te","status":"publish","type":"product","link":"https:\/\/artemavitra.com\/index.php\/urun\/siva-alti-yikama-sistemi-govde-kutusu-431560yp1te\/","title":{"rendered":"S\u0131va alt\u0131 y\u0131kama sistemi g\u00f6vde kutusu (431560YP1TE)"},"content":{"rendered":"<p>Yeni<\/p>\n","protected":false},"excerpt":{"rendered":"<p>Yeni<\/p>\n","protected":false},"featured_media":573,"comment_status":"open","ping_status":"closed","template":"","meta":[],"product_brand":[],"product_cat":[662],"product_tag":[663,665,364,647,666,634,664,159,633],"class_list":{"0":"post-571","1":"product","2":"type-product","3":"status-publish","4":"has-post-thumbnail","6":"product_cat-siva-alti-yikama-sistemleri","7":"product_tag-431560yp1te","8":"product_tag-alti","9":"product_tag-govde","10":"product_tag-kutusu","11":"product_tag-sistemi","12":"product_tag-sistemleri","13":"product_tag-siva","14":"product_tag-yeni","15":"product_tag-yikama","17":"first","18":"outofstock","19":"shipping-taxable","20":"product-type-simple"},"jetpack_sharing_enabled":true,"_links":{"self":[{"href":"https:\/\/artemavitra.com\/index.php\/wp-json\/wp\/v2\/product\/571","targetHints":{"allow":["GET"]}}],"collection":[{"href":"https:\/\/artemavitra.com\/index.php\/wp-json\/wp\/v2\/product"}],"about":[{"href":"https:\/\/artemavitra.com\/index.php\/wp-json\/wp\/v2\/types\/product"}],"replies":[{"embeddable":true,"href":"https:\/\/artemavitra.com\/index.php\/wp-json\/wp\/v2\/comments?post=571"}],"version-history":[{"count":1,"href":"https:\/\/artemavitra.com\/index.php\/wp-json\/wp\/v2\/product\/571\/revisions"}],"predecessor-version":[{"id":4793,"href":"https:\/\/artemavitra.com\/index.php\/wp-json\/wp\/v2\/product\/571\/revisions\/4793"}],"wp:featuredmedia":[{"embeddable":true,"href":"https:\/\/artemavitra.com\/index.php\/wp-json\/wp\/v2\/media\/573"}],"wp:attachment":[{"href":"https:\/\/artemavitra.com\/index.php\/wp-json\/wp\/v2\/media?parent=571"}],"wp:term":[{"taxonomy":"product_brand","embeddable":true,"href":"https:\/\/artemavitra.com\/index.php\/wp-json\/wp\/v2\/product_brand?post=571"},{"taxonomy":"product_cat","embeddable":true,"href":"https:\/\/artemavitra.com\/index.php\/wp-json\/wp\/v2\/product_cat?post=571"},{"taxonomy":"product_tag","embeddable":true,"href":"https:\/\/artemavitra.com\/index.php\/wp-json\/wp\/v2\/product_tag?post=571"}],"curies":[{"name":"wp","href":"https:\/\/api.w.org\/{rel}","templated":true}]}}