{"id":574,"date":"2019-12-13T16:57:27","date_gmt":"2019-12-13T13:57:27","guid":{"rendered":"http:\/\/artemavitra.com\/?post_type=product&#038;p=574"},"modified":"2024-07-22T15:46:25","modified_gmt":"2024-07-22T12:46:25","slug":"siva-alti-fotoselli-pisuvar-yikama-sistemi-431243yp1te","status":"publish","type":"product","link":"https:\/\/artemavitra.com\/index.php\/urun\/siva-alti-fotoselli-pisuvar-yikama-sistemi-431243yp1te\/","title":{"rendered":"S\u0131va alt\u0131 fotoselli pisuvar y\u0131kama sistemi (431243YP1TE)"},"content":{"rendered":"<p>pirin\u00e7, g\u00f6vde, nipelli<\/p>\n","protected":false},"excerpt":{"rendered":"<p>pirin\u00e7, g\u00f6vde, nipelli<\/p>\n","protected":false},"featured_media":575,"comment_status":"open","ping_status":"closed","template":"","meta":[],"product_brand":[],"product_cat":[662],"product_tag":[667,665,668,364,670,669,138,666,634,664,633],"class_list":{"0":"post-574","1":"product","2":"type-product","3":"status-publish","4":"has-post-thumbnail","6":"product_cat-siva-alti-yikama-sistemleri","7":"product_tag-431243yp1te","8":"product_tag-alti","9":"product_tag-fotoselli","10":"product_tag-govde","11":"product_tag-nipelli","12":"product_tag-pirinc","13":"product_tag-pisuvar","14":"product_tag-sistemi","15":"product_tag-sistemleri","16":"product_tag-siva","17":"product_tag-yikama","19":"first","20":"outofstock","21":"shipping-taxable","22":"product-type-simple"},"jetpack_sharing_enabled":true,"_links":{"self":[{"href":"https:\/\/artemavitra.com\/index.php\/wp-json\/wp\/v2\/product\/574","targetHints":{"allow":["GET"]}}],"collection":[{"href":"https:\/\/artemavitra.com\/index.php\/wp-json\/wp\/v2\/product"}],"about":[{"href":"https:\/\/artemavitra.com\/index.php\/wp-json\/wp\/v2\/types\/product"}],"replies":[{"embeddable":true,"href":"https:\/\/artemavitra.com\/index.php\/wp-json\/wp\/v2\/comments?post=574"}],"version-history":[{"count":1,"href":"https:\/\/artemavitra.com\/index.php\/wp-json\/wp\/v2\/product\/574\/revisions"}],"predecessor-version":[{"id":4792,"href":"https:\/\/artemavitra.com\/index.php\/wp-json\/wp\/v2\/product\/574\/revisions\/4792"}],"wp:featuredmedia":[{"embeddable":true,"href":"https:\/\/artemavitra.com\/index.php\/wp-json\/wp\/v2\/media\/575"}],"wp:attachment":[{"href":"https:\/\/artemavitra.com\/index.php\/wp-json\/wp\/v2\/media?parent=574"}],"wp:term":[{"taxonomy":"product_brand","embeddable":true,"href":"https:\/\/artemavitra.com\/index.php\/wp-json\/wp\/v2\/product_brand?post=574"},{"taxonomy":"product_cat","embeddable":true,"href":"https:\/\/artemavitra.com\/index.php\/wp-json\/wp\/v2\/product_cat?post=574"},{"taxonomy":"product_tag","embeddable":true,"href":"https:\/\/artemavitra.com\/index.php\/wp-json\/wp\/v2\/product_tag?post=574"}],"curies":[{"name":"wp","href":"https:\/\/api.w.org\/{rel}","templated":true}]}}