{"id":576,"date":"2019-12-13T16:58:37","date_gmt":"2019-12-13T13:58:37","guid":{"rendered":"http:\/\/artemavitra.com\/?post_type=product&#038;p=576"},"modified":"2024-07-22T15:46:24","modified_gmt":"2024-07-22T12:46:24","slug":"fotosel-unitesi-431256yp1te","status":"publish","type":"product","link":"https:\/\/artemavitra.com\/index.php\/urun\/fotosel-unitesi-431256yp1te\/","title":{"rendered":"Fotosel \u00fcnitesi (431256YP1TE)"},"content":{"rendered":"<p>311-29XX Y\u0131kama sistemleri i\u00e7in<\/p>\n","protected":false},"excerpt":{"rendered":"<p>311-29XX Y\u0131kama sistemleri i\u00e7in<\/p>\n","protected":false},"featured_media":0,"comment_status":"open","ping_status":"closed","template":"","meta":[],"product_brand":[],"product_cat":[662],"product_tag":[674,498,671,665,643,166,634,664,672,673,633],"class_list":{"0":"post-576","1":"product","2":"type-product","3":"status-publish","5":"product_cat-siva-alti-yikama-sistemleri","6":"product_tag-29xx","7":"product_tag-498","8":"product_tag-431256yp1te","9":"product_tag-alti","10":"product_tag-fotosel","11":"product_tag-icin","12":"product_tag-sistemleri","13":"product_tag-siva","14":"product_tag-unite","15":"product_tag-unitesi","16":"product_tag-yikama","18":"first","19":"outofstock","20":"shipping-taxable","21":"product-type-simple"},"jetpack_sharing_enabled":true,"_links":{"self":[{"href":"https:\/\/artemavitra.com\/index.php\/wp-json\/wp\/v2\/product\/576","targetHints":{"allow":["GET"]}}],"collection":[{"href":"https:\/\/artemavitra.com\/index.php\/wp-json\/wp\/v2\/product"}],"about":[{"href":"https:\/\/artemavitra.com\/index.php\/wp-json\/wp\/v2\/types\/product"}],"replies":[{"embeddable":true,"href":"https:\/\/artemavitra.com\/index.php\/wp-json\/wp\/v2\/comments?post=576"}],"version-history":[{"count":1,"href":"https:\/\/artemavitra.com\/index.php\/wp-json\/wp\/v2\/product\/576\/revisions"}],"predecessor-version":[{"id":4791,"href":"https:\/\/artemavitra.com\/index.php\/wp-json\/wp\/v2\/product\/576\/revisions\/4791"}],"wp:attachment":[{"href":"https:\/\/artemavitra.com\/index.php\/wp-json\/wp\/v2\/media?parent=576"}],"wp:term":[{"taxonomy":"product_brand","embeddable":true,"href":"https:\/\/artemavitra.com\/index.php\/wp-json\/wp\/v2\/product_brand?post=576"},{"taxonomy":"product_cat","embeddable":true,"href":"https:\/\/artemavitra.com\/index.php\/wp-json\/wp\/v2\/product_cat?post=576"},{"taxonomy":"product_tag","embeddable":true,"href":"https:\/\/artemavitra.com\/index.php\/wp-json\/wp\/v2\/product_tag?post=576"}],"curies":[{"name":"wp","href":"https:\/\/api.w.org\/{rel}","templated":true}]}}