{"id":578,"date":"2019-12-13T17:04:34","date_gmt":"2019-12-13T14:04:34","guid":{"rendered":"http:\/\/artemavitra.com\/?post_type=product&#038;p=578"},"modified":"2024-07-22T15:46:21","modified_gmt":"2024-07-22T12:46:21","slug":"cerceve-montaj-vidasi-431346yp1te","status":"publish","type":"product","link":"https:\/\/artemavitra.com\/index.php\/urun\/cerceve-montaj-vidasi-431346yp1te\/","title":{"rendered":"\u00c7er\u00e7eve montaj vidas\u0131 (431346YP1TE)"},"content":{"rendered":"<p>4,2&#215;70 DIN 7981 A2-4<br \/>\n1 set 5li<\/p>\n","protected":false},"excerpt":{"rendered":"<p>4,2&#215;70 DIN 7981 A2-4 1 set 5li<\/p>\n","protected":false},"featured_media":579,"comment_status":"open","ping_status":"closed","template":"","meta":[],"product_brand":[],"product_cat":[662],"product_tag":[676,665,555,677,23,634,664,229,304,633],"class_list":{"0":"post-578","1":"product","2":"type-product","3":"status-publish","4":"has-post-thumbnail","6":"product_cat-siva-alti-yikama-sistemleri","7":"product_tag-431346yp1te","8":"product_tag-alti","9":"product_tag-cerceve","10":"product_tag-din","11":"product_tag-montaj","12":"product_tag-sistemleri","13":"product_tag-siva","14":"product_tag-vida","15":"product_tag-vidasi","16":"product_tag-yikama","18":"first","19":"outofstock","20":"shipping-taxable","21":"product-type-simple"},"jetpack_sharing_enabled":true,"_links":{"self":[{"href":"https:\/\/artemavitra.com\/index.php\/wp-json\/wp\/v2\/product\/578","targetHints":{"allow":["GET"]}}],"collection":[{"href":"https:\/\/artemavitra.com\/index.php\/wp-json\/wp\/v2\/product"}],"about":[{"href":"https:\/\/artemavitra.com\/index.php\/wp-json\/wp\/v2\/types\/product"}],"replies":[{"embeddable":true,"href":"https:\/\/artemavitra.com\/index.php\/wp-json\/wp\/v2\/comments?post=578"}],"version-history":[{"count":1,"href":"https:\/\/artemavitra.com\/index.php\/wp-json\/wp\/v2\/product\/578\/revisions"}],"predecessor-version":[{"id":4789,"href":"https:\/\/artemavitra.com\/index.php\/wp-json\/wp\/v2\/product\/578\/revisions\/4789"}],"wp:featuredmedia":[{"embeddable":true,"href":"https:\/\/artemavitra.com\/index.php\/wp-json\/wp\/v2\/media\/579"}],"wp:attachment":[{"href":"https:\/\/artemavitra.com\/index.php\/wp-json\/wp\/v2\/media?parent=578"}],"wp:term":[{"taxonomy":"product_brand","embeddable":true,"href":"https:\/\/artemavitra.com\/index.php\/wp-json\/wp\/v2\/product_brand?post=578"},{"taxonomy":"product_cat","embeddable":true,"href":"https:\/\/artemavitra.com\/index.php\/wp-json\/wp\/v2\/product_cat?post=578"},{"taxonomy":"product_tag","embeddable":true,"href":"https:\/\/artemavitra.com\/index.php\/wp-json\/wp\/v2\/product_tag?post=578"}],"curies":[{"name":"wp","href":"https:\/\/api.w.org\/{rel}","templated":true}]}}