{"id":58,"date":"2019-12-12T17:02:10","date_gmt":"2019-12-12T14:02:10","guid":{"rendered":"http:\/\/artemavitra.com\/?post_type=product&#038;p=58"},"modified":"2024-07-22T15:50:05","modified_gmt":"2024-07-22T12:50:05","slug":"klozet-kapak-mentesesi-420728yp1te","status":"publish","type":"product","link":"https:\/\/artemavitra.com\/index.php\/urun\/klozet-kapak-mentesesi-420728yp1te\/","title":{"rendered":"Klozet kapak mente\u015fesi (420728YP1TE)"},"content":{"rendered":"<p>\u00c7ocuk klozet kapa\u011f\u0131 03<\/p>\n","protected":false},"excerpt":{"rendered":"<p>\u00c7ocuk klozet kapa\u011f\u0131 03<\/p>\n","protected":false},"featured_media":59,"comment_status":"open","ping_status":"closed","template":"","meta":[],"product_brand":[],"product_cat":[18],"product_tag":[109,107,108,22,21,20,38,39],"class_list":{"0":"post-58","1":"product","2":"type-product","3":"status-publish","4":"has-post-thumbnail","6":"product_cat-klozet-kapaklari","7":"product_tag-109","8":"product_tag-420728yp1te","9":"product_tag-cocuk","10":"product_tag-kapagi","11":"product_tag-kapak","12":"product_tag-klozet","13":"product_tag-mentese","14":"product_tag-mentesesi","16":"first","17":"instock","18":"shipping-taxable","19":"product-type-simple"},"jetpack_sharing_enabled":true,"_links":{"self":[{"href":"https:\/\/artemavitra.com\/index.php\/wp-json\/wp\/v2\/product\/58","targetHints":{"allow":["GET"]}}],"collection":[{"href":"https:\/\/artemavitra.com\/index.php\/wp-json\/wp\/v2\/product"}],"about":[{"href":"https:\/\/artemavitra.com\/index.php\/wp-json\/wp\/v2\/types\/product"}],"replies":[{"embeddable":true,"href":"https:\/\/artemavitra.com\/index.php\/wp-json\/wp\/v2\/comments?post=58"}],"version-history":[{"count":0,"href":"https:\/\/artemavitra.com\/index.php\/wp-json\/wp\/v2\/product\/58\/revisions"}],"wp:featuredmedia":[{"embeddable":true,"href":"https:\/\/artemavitra.com\/index.php\/wp-json\/wp\/v2\/media\/59"}],"wp:attachment":[{"href":"https:\/\/artemavitra.com\/index.php\/wp-json\/wp\/v2\/media?parent=58"}],"wp:term":[{"taxonomy":"product_brand","embeddable":true,"href":"https:\/\/artemavitra.com\/index.php\/wp-json\/wp\/v2\/product_brand?post=58"},{"taxonomy":"product_cat","embeddable":true,"href":"https:\/\/artemavitra.com\/index.php\/wp-json\/wp\/v2\/product_cat?post=58"},{"taxonomy":"product_tag","embeddable":true,"href":"https:\/\/artemavitra.com\/index.php\/wp-json\/wp\/v2\/product_tag?post=58"}],"curies":[{"name":"wp","href":"https:\/\/api.w.org\/{rel}","templated":true}]}}