{"id":580,"date":"2019-12-13T17:06:23","date_gmt":"2019-12-13T14:06:23","guid":{"rendered":"http:\/\/artemavitra.com\/?post_type=product&#038;p=580"},"modified":"2024-07-22T15:46:20","modified_gmt":"2024-07-22T12:46:20","slug":"fotosel-unitesi-431562yp1te","status":"publish","type":"product","link":"https:\/\/artemavitra.com\/index.php\/urun\/fotosel-unitesi-431562yp1te\/","title":{"rendered":"Fotosel \u00fcnitesi (431562YP1TE)"},"content":{"rendered":"<p>310-29XX Y\u0131kama sistemleri i\u00e7in<\/p>\n","protected":false},"excerpt":{"rendered":"<p>310-29XX Y\u0131kama sistemleri i\u00e7in<\/p>\n","protected":false},"featured_media":581,"comment_status":"open","ping_status":"closed","template":"","meta":[],"product_brand":[],"product_cat":[662],"product_tag":[674,679,678,665,643,166,634,664,673,633],"class_list":{"0":"post-580","1":"product","2":"type-product","3":"status-publish","4":"has-post-thumbnail","6":"product_cat-siva-alti-yikama-sistemleri","7":"product_tag-29xx","8":"product_tag-679","9":"product_tag-431562yp1te","10":"product_tag-alti","11":"product_tag-fotosel","12":"product_tag-icin","13":"product_tag-sistemleri","14":"product_tag-siva","15":"product_tag-unitesi","16":"product_tag-yikama","18":"first","19":"outofstock","20":"shipping-taxable","21":"product-type-simple"},"jetpack_sharing_enabled":true,"_links":{"self":[{"href":"https:\/\/artemavitra.com\/index.php\/wp-json\/wp\/v2\/product\/580","targetHints":{"allow":["GET"]}}],"collection":[{"href":"https:\/\/artemavitra.com\/index.php\/wp-json\/wp\/v2\/product"}],"about":[{"href":"https:\/\/artemavitra.com\/index.php\/wp-json\/wp\/v2\/types\/product"}],"replies":[{"embeddable":true,"href":"https:\/\/artemavitra.com\/index.php\/wp-json\/wp\/v2\/comments?post=580"}],"version-history":[{"count":1,"href":"https:\/\/artemavitra.com\/index.php\/wp-json\/wp\/v2\/product\/580\/revisions"}],"predecessor-version":[{"id":4788,"href":"https:\/\/artemavitra.com\/index.php\/wp-json\/wp\/v2\/product\/580\/revisions\/4788"}],"wp:featuredmedia":[{"embeddable":true,"href":"https:\/\/artemavitra.com\/index.php\/wp-json\/wp\/v2\/media\/581"}],"wp:attachment":[{"href":"https:\/\/artemavitra.com\/index.php\/wp-json\/wp\/v2\/media?parent=580"}],"wp:term":[{"taxonomy":"product_brand","embeddable":true,"href":"https:\/\/artemavitra.com\/index.php\/wp-json\/wp\/v2\/product_brand?post=580"},{"taxonomy":"product_cat","embeddable":true,"href":"https:\/\/artemavitra.com\/index.php\/wp-json\/wp\/v2\/product_cat?post=580"},{"taxonomy":"product_tag","embeddable":true,"href":"https:\/\/artemavitra.com\/index.php\/wp-json\/wp\/v2\/product_tag?post=580"}],"curies":[{"name":"wp","href":"https:\/\/api.w.org\/{rel}","templated":true}]}}