{"id":597,"date":"2019-12-13T17:22:15","date_gmt":"2019-12-13T14:22:15","guid":{"rendered":"http:\/\/artemavitra.com\/?post_type=product&#038;p=597"},"modified":"2024-07-22T15:46:11","modified_gmt":"2024-07-22T12:46:11","slug":"ic-takim-buton-grubu-429516p1te","status":"publish","type":"product","link":"https:\/\/artemavitra.com\/index.php\/urun\/ic-takim-buton-grubu-429516p1te\/","title":{"rendered":"\u0130\u00e7 tak\u0131m buton grubu (429516P1TE)"},"content":{"rendered":"<p>2,5\/4 L<\/p>\n","protected":false},"excerpt":{"rendered":"<p>2,5\/4 L<\/p>\n","protected":false},"featured_media":598,"comment_status":"open","ping_status":"closed","template":"","meta":[],"product_brand":[],"product_cat":[692],"product_tag":[698,162,524,694,695],"class_list":{"0":"post-597","1":"product","2":"type-product","3":"status-publish","4":"has-post-thumbnail","6":"product_cat-ic-takimlar","7":"product_tag-429516p1te","8":"product_tag-buton","9":"product_tag-grubu","10":"product_tag-ic","11":"product_tag-takimlar","13":"first","14":"outofstock","15":"shipping-taxable","16":"product-type-simple"},"jetpack_sharing_enabled":true,"_links":{"self":[{"href":"https:\/\/artemavitra.com\/index.php\/wp-json\/wp\/v2\/product\/597","targetHints":{"allow":["GET"]}}],"collection":[{"href":"https:\/\/artemavitra.com\/index.php\/wp-json\/wp\/v2\/product"}],"about":[{"href":"https:\/\/artemavitra.com\/index.php\/wp-json\/wp\/v2\/types\/product"}],"replies":[{"embeddable":true,"href":"https:\/\/artemavitra.com\/index.php\/wp-json\/wp\/v2\/comments?post=597"}],"version-history":[{"count":1,"href":"https:\/\/artemavitra.com\/index.php\/wp-json\/wp\/v2\/product\/597\/revisions"}],"predecessor-version":[{"id":4781,"href":"https:\/\/artemavitra.com\/index.php\/wp-json\/wp\/v2\/product\/597\/revisions\/4781"}],"wp:featuredmedia":[{"embeddable":true,"href":"https:\/\/artemavitra.com\/index.php\/wp-json\/wp\/v2\/media\/598"}],"wp:attachment":[{"href":"https:\/\/artemavitra.com\/index.php\/wp-json\/wp\/v2\/media?parent=597"}],"wp:term":[{"taxonomy":"product_brand","embeddable":true,"href":"https:\/\/artemavitra.com\/index.php\/wp-json\/wp\/v2\/product_brand?post=597"},{"taxonomy":"product_cat","embeddable":true,"href":"https:\/\/artemavitra.com\/index.php\/wp-json\/wp\/v2\/product_cat?post=597"},{"taxonomy":"product_tag","embeddable":true,"href":"https:\/\/artemavitra.com\/index.php\/wp-json\/wp\/v2\/product_tag?post=597"}],"curies":[{"name":"wp","href":"https:\/\/api.w.org\/{rel}","templated":true}]}}