{"id":603,"date":"2019-12-13T17:29:57","date_gmt":"2019-12-13T14:29:57","guid":{"rendered":"http:\/\/artemavitra.com\/?post_type=product&#038;p=603"},"modified":"2024-07-22T15:46:07","modified_gmt":"2024-07-22T12:46:07","slug":"sizdirmazlik-contasi-424156yp1te","status":"publish","type":"product","link":"https:\/\/artemavitra.com\/index.php\/urun\/sizdirmazlik-contasi-424156yp1te\/","title":{"rendered":"S\u0131zd\u0131rmazl\u0131k contas\u0131 (424156YP1TE)"},"content":{"rendered":"<p>T\u00fcm VitrAfresh \u00fcr\u00fcnler i\u00e7in ortak kullan\u0131m<\/p>\n","protected":false},"excerpt":{"rendered":"<p>T\u00fcm VitrAfresh \u00fcr\u00fcnler i\u00e7in ortak kullan\u0131m<\/p>\n","protected":false},"featured_media":604,"comment_status":"open","ping_status":"closed","template":"","meta":[],"product_brand":[],"product_cat":[701],"product_tag":[706,659,517,703,704,271,705,707,177,553],"class_list":{"0":"post-603","1":"product","2":"type-product","3":"status-publish","4":"has-post-thumbnail","6":"product_cat-vitrafresh-deterjan-haznesi","7":"product_tag-424156yp1te","8":"product_tag-contasi","9":"product_tag-deterjan","10":"product_tag-fresh","11":"product_tag-haznesi","12":"product_tag-kullanim","13":"product_tag-ortak","14":"product_tag-sizdirmazlik","15":"product_tag-tum","16":"product_tag-vitra","18":"first","19":"outofstock","20":"shipping-taxable","21":"product-type-simple"},"jetpack_sharing_enabled":true,"_links":{"self":[{"href":"https:\/\/artemavitra.com\/index.php\/wp-json\/wp\/v2\/product\/603","targetHints":{"allow":["GET"]}}],"collection":[{"href":"https:\/\/artemavitra.com\/index.php\/wp-json\/wp\/v2\/product"}],"about":[{"href":"https:\/\/artemavitra.com\/index.php\/wp-json\/wp\/v2\/types\/product"}],"replies":[{"embeddable":true,"href":"https:\/\/artemavitra.com\/index.php\/wp-json\/wp\/v2\/comments?post=603"}],"version-history":[{"count":1,"href":"https:\/\/artemavitra.com\/index.php\/wp-json\/wp\/v2\/product\/603\/revisions"}],"predecessor-version":[{"id":4779,"href":"https:\/\/artemavitra.com\/index.php\/wp-json\/wp\/v2\/product\/603\/revisions\/4779"}],"wp:featuredmedia":[{"embeddable":true,"href":"https:\/\/artemavitra.com\/index.php\/wp-json\/wp\/v2\/media\/604"}],"wp:attachment":[{"href":"https:\/\/artemavitra.com\/index.php\/wp-json\/wp\/v2\/media?parent=603"}],"wp:term":[{"taxonomy":"product_brand","embeddable":true,"href":"https:\/\/artemavitra.com\/index.php\/wp-json\/wp\/v2\/product_brand?post=603"},{"taxonomy":"product_cat","embeddable":true,"href":"https:\/\/artemavitra.com\/index.php\/wp-json\/wp\/v2\/product_cat?post=603"},{"taxonomy":"product_tag","embeddable":true,"href":"https:\/\/artemavitra.com\/index.php\/wp-json\/wp\/v2\/product_tag?post=603"}],"curies":[{"name":"wp","href":"https:\/\/api.w.org\/{rel}","templated":true}]}}