{"id":605,"date":"2019-12-13T17:31:35","date_gmt":"2019-12-13T14:31:35","guid":{"rendered":"http:\/\/artemavitra.com\/?post_type=product&#038;p=605"},"modified":"2024-07-22T15:46:06","modified_gmt":"2024-07-22T12:46:06","slug":"deterjan-dolum-tapasi-424157yp1te","status":"publish","type":"product","link":"https:\/\/artemavitra.com\/index.php\/urun\/deterjan-dolum-tapasi-424157yp1te\/","title":{"rendered":"Deterjan dolum tapas\u0131 (424157YP1TE)"},"content":{"rendered":"<p>T\u00fcm vitra fresh \u00fcr\u00fcnler i\u00e7in ortak kullan\u0131m<\/p>\n","protected":false},"excerpt":{"rendered":"<p>T\u00fcm vitra fresh \u00fcr\u00fcnler i\u00e7in ortak kullan\u0131m<\/p>\n","protected":false},"featured_media":606,"comment_status":"open","ping_status":"closed","template":"","meta":[],"product_brand":[],"product_cat":[701],"product_tag":[708,517,709,703,271,705,634,621,177,553],"class_list":{"0":"post-605","1":"product","2":"type-product","3":"status-publish","4":"has-post-thumbnail","6":"product_cat-vitrafresh-deterjan-haznesi","7":"product_tag-424157yp1te","8":"product_tag-deterjan","9":"product_tag-dolum","10":"product_tag-fresh","11":"product_tag-kullanim","12":"product_tag-ortak","13":"product_tag-sistemleri","14":"product_tag-tapasi","15":"product_tag-tum","16":"product_tag-vitra","18":"first","19":"outofstock","20":"shipping-taxable","21":"product-type-simple"},"jetpack_sharing_enabled":true,"_links":{"self":[{"href":"https:\/\/artemavitra.com\/index.php\/wp-json\/wp\/v2\/product\/605","targetHints":{"allow":["GET"]}}],"collection":[{"href":"https:\/\/artemavitra.com\/index.php\/wp-json\/wp\/v2\/product"}],"about":[{"href":"https:\/\/artemavitra.com\/index.php\/wp-json\/wp\/v2\/types\/product"}],"replies":[{"embeddable":true,"href":"https:\/\/artemavitra.com\/index.php\/wp-json\/wp\/v2\/comments?post=605"}],"version-history":[{"count":1,"href":"https:\/\/artemavitra.com\/index.php\/wp-json\/wp\/v2\/product\/605\/revisions"}],"predecessor-version":[{"id":4778,"href":"https:\/\/artemavitra.com\/index.php\/wp-json\/wp\/v2\/product\/605\/revisions\/4778"}],"wp:featuredmedia":[{"embeddable":true,"href":"https:\/\/artemavitra.com\/index.php\/wp-json\/wp\/v2\/media\/606"}],"wp:attachment":[{"href":"https:\/\/artemavitra.com\/index.php\/wp-json\/wp\/v2\/media?parent=605"}],"wp:term":[{"taxonomy":"product_brand","embeddable":true,"href":"https:\/\/artemavitra.com\/index.php\/wp-json\/wp\/v2\/product_brand?post=605"},{"taxonomy":"product_cat","embeddable":true,"href":"https:\/\/artemavitra.com\/index.php\/wp-json\/wp\/v2\/product_cat?post=605"},{"taxonomy":"product_tag","embeddable":true,"href":"https:\/\/artemavitra.com\/index.php\/wp-json\/wp\/v2\/product_tag?post=605"}],"curies":[{"name":"wp","href":"https:\/\/api.w.org\/{rel}","templated":true}]}}